{"id":4076,"date":"2022-04-15T22:26:57","date_gmt":"2022-04-15T20:26:57","guid":{"rendered":"https:\/\/urbexbay.com\/come-funziona-urbexbay\/"},"modified":"2023-04-15T10:31:13","modified_gmt":"2023-04-15T08:31:13","slug":"come-funziona","status":"publish","type":"page","link":"https:\/\/urbexbay.com\/it\/come-funziona\/","title":{"rendered":"Come funziona"},"content":{"rendered":"<div class=\"flex-1 overflow-hidden\">\n<div class=\"react-scroll-to-bottom--css-jydav-79elbk h-full dark:bg-gray-800\">\n<div class=\"react-scroll-to-bottom--css-jydav-1n7m0yu\">\n<div class=\"flex flex-col items-center text-sm dark:bg-gray-800\">\n<div class=\"group w-full text-gray-800 dark:text-gray-100 border-b border-black\/10 dark:border-gray-900\/50 bg-gray-50 dark:bg-[#444654] sm:AIPRM__conversation__response\">\n<div class=\"text-base gap-4 md:gap-6 md:max-w-2xl lg:max-w-xl xl:max-w-3xl p-4 md:py-6 flex lg:px-0 m-auto\">\n<div class=\"relative flex w-[calc(100%-50px)] flex-col gap-1 md:gap-3 lg:w-[calc(100%-115px)]\">\n<div class=\"flex flex-grow flex-col gap-3\">\n<div class=\"min-h-[20px] flex flex-col items-start gap-4 whitespace-pre-wrap\">\n<div class=\"markdown prose w-full break-words dark:prose-invert dark AIPRM__conversation__response\">\n<p>Benvenuti su UrbexBay, la vostra destinazione preferita per trovare luoghi unici ed emozionanti da esplorare in citt\u00e0. Il nostro sito web offre un vasto database di coordinate urbex aggiornate settimanalmente, garantendo sempre l&#8217;accesso alle ultime e pi\u00f9 grandi location da esplorare.<\/p>\n<p>Ecco come funziona: basta creare un account sul nostro sito web e acquistare le coordinate che ti interessano. Le troverai comodamente nella sezione &#8220;I Miei Spot&#8221; del tuo account, pronte per essere esplorate.<\/p>\n<p>Da UrbexBay, capiamo che le location urbex possono essere dinamiche e possono cambiare nel tempo. Ecco perch\u00e9 offriamo un programma di scambio unico. Se la propriet\u00e0 delle coordinate che hai acquistato viene ristrutturata o non esiste pi\u00f9, ti forniremo altre due posizioni di valore uguale o superiore in cambio, e rimuoveremo la posizione inesistente dal nostro sito.<\/p>\n<p>Ma non \u00e8 tutto. Se esplori un luogo che hai acquistato da noi e ci invii foto e video di qualit\u00e0 della tua esperienza, ti offriremo ulteriori coordinate in cambio. Siamo sempre alla ricerca di nuove e emozionanti location da aggiungere al nostro database, e apprezziamo il tuo aiuto per raggiungere questo obiettivo.<\/p>\n<p>Quindi, cosa aspetti? Registrati su UrbexBay oggi stesso e inizia a esplorare i tesori urbani nascosti del mondo.<\/p>\n<\/div>\n<\/div>\n<\/div>\n<div class=\"flex justify-between lg:block\">\n<div class=\"text-gray-400 flex self-end lg:self-center justify-center mt-2 gap-2 md:gap-3 lg:gap-1 lg:absolute lg:top-0 lg:translate-x-full lg:right-0 lg:mt-0 lg:pl-2 visible\"><\/div>\n<\/div>\n<\/div>\n<\/div>\n<\/div>\n<\/div>\n<\/div>\n<\/div>\n<\/div>\n<div class=\"bottom-0 left-0 w-full border-t dark:border-white\/20 md:bg-vert-light-gradient bg-white dark:bg-gray-800 dark:md:bg-vert-dark-gradient pt-2\">\n<form class=\"stretch mx-2 flex flex-row gap-3 last:mb-2 md:mx-4 md:last:mb-6 lg:mx-auto lg:max-w-2xl xl:max-w-3xl\">\n<div class=\"relative flex h-full flex-1 md:flex-col\">\n<div class=\"flex ml-1 md:w-full md:m-auto md:mb-2 gap-0 md:gap-2 justify-center\"><\/div>\n<\/div>\n<\/form>\n<\/div>\n","protected":false},"excerpt":{"rendered":"<p>Benvenuti su UrbexBay, la vostra destinazione preferita per trovare luoghi unici ed emozionanti da esplorare in citt\u00e0. Il nostro sito [&#8230;]<\/p>\n<p><a class=\"btn btn-1 understrap-read-more-link\" href=\"https:\/\/urbexbay.com\/it\/come-funziona\/\">Leggi tutto&#8230;<\/a><\/p>\n","protected":false},"author":1,"featured_media":0,"parent":0,"menu_order":0,"comment_status":"closed","ping_status":"closed","template":"","meta":{"footnotes":""},"class_list":["post-4076","page","type-page","status-publish","hentry"],"yoast_head":"<!-- This site is optimized with the Yoast SEO plugin v24.7 - https:\/\/yoast.com\/wordpress\/plugins\/seo\/ -->\n<title>Come funziona - UrbexBay\u2122<\/title>\n<meta name=\"description\" content=\"Scopri i luoghi urbani pi\u00f9 incredibili con UrbexBay. Aggiorniamo il nostro database settimanalmente per offrirti il meglio delle coordinate urbex. Esplora ora!\" \/>\n<meta name=\"robots\" content=\"index, follow, max-snippet:-1, max-image-preview:large, max-video-preview:-1\" \/>\n<link rel=\"canonical\" href=\"https:\/\/urbexbay.com\/it\/come-funziona\/\" \/>\n<meta property=\"og:locale\" content=\"it_IT\" \/>\n<meta property=\"og:type\" content=\"article\" \/>\n<meta property=\"og:title\" content=\"Come funziona - UrbexBay\u2122\" \/>\n<meta property=\"og:description\" content=\"Scopri i luoghi urbani pi\u00f9 incredibili con UrbexBay. Aggiorniamo il nostro database settimanalmente per offrirti il meglio delle coordinate urbex. Esplora ora!\" \/>\n<meta property=\"og:url\" content=\"https:\/\/urbexbay.com\/it\/come-funziona\/\" \/>\n<meta property=\"og:site_name\" content=\"UrbexBay\u2122\" \/>\n<meta property=\"article:publisher\" content=\"https:\/\/www.facebook.com\/urbexbay\/\" \/>\n<meta property=\"article:modified_time\" content=\"2023-04-15T08:31:13+00:00\" \/>\n<meta name=\"twitter:card\" content=\"summary_large_image\" \/>\n<meta name=\"twitter:label1\" content=\"Tempo di lettura stimato\" \/>\n\t<meta name=\"twitter:data1\" content=\"1 minuto\" \/>\n<script type=\"application\/ld+json\" class=\"yoast-schema-graph\">{\"@context\":\"https:\/\/schema.org\",\"@graph\":[{\"@type\":\"WebPage\",\"@id\":\"https:\/\/urbexbay.com\/it\/come-funziona\/\",\"url\":\"https:\/\/urbexbay.com\/it\/come-funziona\/\",\"name\":\"Come funziona - UrbexBay\u2122\",\"isPartOf\":{\"@id\":\"https:\/\/urbexbay.com\/it\/#website\"},\"datePublished\":\"2022-04-15T20:26:57+00:00\",\"dateModified\":\"2023-04-15T08:31:13+00:00\",\"description\":\"Scopri i luoghi urbani pi\u00f9 incredibili con UrbexBay. Aggiorniamo il nostro database settimanalmente per offrirti il meglio delle coordinate urbex. Esplora ora!\",\"breadcrumb\":{\"@id\":\"https:\/\/urbexbay.com\/it\/come-funziona\/#breadcrumb\"},\"inLanguage\":\"it-IT\",\"potentialAction\":[{\"@type\":\"ReadAction\",\"target\":[\"https:\/\/urbexbay.com\/it\/come-funziona\/\"]}]},{\"@type\":\"BreadcrumbList\",\"@id\":\"https:\/\/urbexbay.com\/it\/come-funziona\/#breadcrumb\",\"itemListElement\":[{\"@type\":\"ListItem\",\"position\":1,\"name\":\"Home\",\"item\":\"https:\/\/urbexbay.com\/it\/\"},{\"@type\":\"ListItem\",\"position\":2,\"name\":\"Come funziona\"}]},{\"@type\":\"WebSite\",\"@id\":\"https:\/\/urbexbay.com\/it\/#website\",\"url\":\"https:\/\/urbexbay.com\/it\/\",\"name\":\"UrbexBay\u2122\",\"description\":\"Coordinate dei luoghi Urbex\",\"publisher\":{\"@id\":\"https:\/\/urbexbay.com\/it\/#organization\"},\"potentialAction\":[{\"@type\":\"SearchAction\",\"target\":{\"@type\":\"EntryPoint\",\"urlTemplate\":\"https:\/\/urbexbay.com\/it\/?s={search_term_string}\"},\"query-input\":{\"@type\":\"PropertyValueSpecification\",\"valueRequired\":true,\"valueName\":\"search_term_string\"}}],\"inLanguage\":\"it-IT\"},{\"@type\":\"Organization\",\"@id\":\"https:\/\/urbexbay.com\/it\/#organization\",\"name\":\"Urbex Bay\",\"url\":\"https:\/\/urbexbay.com\/it\/\",\"logo\":{\"@type\":\"ImageObject\",\"inLanguage\":\"it-IT\",\"@id\":\"https:\/\/urbexbay.com\/it\/#\/schema\/logo\/image\/\",\"url\":\"https:\/\/urbexbay.com\/wp-content\/uploads\/2022\/04\/ub-bill-logo.png\",\"contentUrl\":\"https:\/\/urbexbay.com\/wp-content\/uploads\/2022\/04\/ub-bill-logo.png\",\"width\":593,\"height\":140,\"caption\":\"Urbex Bay\"},\"image\":{\"@id\":\"https:\/\/urbexbay.com\/it\/#\/schema\/logo\/image\/\"},\"sameAs\":[\"https:\/\/www.facebook.com\/urbexbay\/\",\"https:\/\/www.instagram.com\/urbex_bay\/\"]}]}<\/script>\n<!-- \/ Yoast SEO plugin. -->","yoast_head_json":{"title":"Come funziona - UrbexBay\u2122","description":"Scopri i luoghi urbani pi\u00f9 incredibili con UrbexBay. Aggiorniamo il nostro database settimanalmente per offrirti il meglio delle coordinate urbex. Esplora ora!","robots":{"index":"index","follow":"follow","max-snippet":"max-snippet:-1","max-image-preview":"max-image-preview:large","max-video-preview":"max-video-preview:-1"},"canonical":"https:\/\/urbexbay.com\/it\/come-funziona\/","og_locale":"it_IT","og_type":"article","og_title":"Come funziona - UrbexBay\u2122","og_description":"Scopri i luoghi urbani pi\u00f9 incredibili con UrbexBay. Aggiorniamo il nostro database settimanalmente per offrirti il meglio delle coordinate urbex. Esplora ora!","og_url":"https:\/\/urbexbay.com\/it\/come-funziona\/","og_site_name":"UrbexBay\u2122","article_publisher":"https:\/\/www.facebook.com\/urbexbay\/","article_modified_time":"2023-04-15T08:31:13+00:00","twitter_card":"summary_large_image","twitter_misc":{"Tempo di lettura stimato":"1 minuto"},"schema":{"@context":"https:\/\/schema.org","@graph":[{"@type":"WebPage","@id":"https:\/\/urbexbay.com\/it\/come-funziona\/","url":"https:\/\/urbexbay.com\/it\/come-funziona\/","name":"Come funziona - UrbexBay\u2122","isPartOf":{"@id":"https:\/\/urbexbay.com\/it\/#website"},"datePublished":"2022-04-15T20:26:57+00:00","dateModified":"2023-04-15T08:31:13+00:00","description":"Scopri i luoghi urbani pi\u00f9 incredibili con UrbexBay. Aggiorniamo il nostro database settimanalmente per offrirti il meglio delle coordinate urbex. Esplora ora!","breadcrumb":{"@id":"https:\/\/urbexbay.com\/it\/come-funziona\/#breadcrumb"},"inLanguage":"it-IT","potentialAction":[{"@type":"ReadAction","target":["https:\/\/urbexbay.com\/it\/come-funziona\/"]}]},{"@type":"BreadcrumbList","@id":"https:\/\/urbexbay.com\/it\/come-funziona\/#breadcrumb","itemListElement":[{"@type":"ListItem","position":1,"name":"Home","item":"https:\/\/urbexbay.com\/it\/"},{"@type":"ListItem","position":2,"name":"Come funziona"}]},{"@type":"WebSite","@id":"https:\/\/urbexbay.com\/it\/#website","url":"https:\/\/urbexbay.com\/it\/","name":"UrbexBay\u2122","description":"Coordinate dei luoghi Urbex","publisher":{"@id":"https:\/\/urbexbay.com\/it\/#organization"},"potentialAction":[{"@type":"SearchAction","target":{"@type":"EntryPoint","urlTemplate":"https:\/\/urbexbay.com\/it\/?s={search_term_string}"},"query-input":{"@type":"PropertyValueSpecification","valueRequired":true,"valueName":"search_term_string"}}],"inLanguage":"it-IT"},{"@type":"Organization","@id":"https:\/\/urbexbay.com\/it\/#organization","name":"Urbex Bay","url":"https:\/\/urbexbay.com\/it\/","logo":{"@type":"ImageObject","inLanguage":"it-IT","@id":"https:\/\/urbexbay.com\/it\/#\/schema\/logo\/image\/","url":"https:\/\/urbexbay.com\/wp-content\/uploads\/2022\/04\/ub-bill-logo.png","contentUrl":"https:\/\/urbexbay.com\/wp-content\/uploads\/2022\/04\/ub-bill-logo.png","width":593,"height":140,"caption":"Urbex Bay"},"image":{"@id":"https:\/\/urbexbay.com\/it\/#\/schema\/logo\/image\/"},"sameAs":["https:\/\/www.facebook.com\/urbexbay\/","https:\/\/www.instagram.com\/urbex_bay\/"]}]}},"_links":{"self":[{"href":"https:\/\/urbexbay.com\/it\/wp-json\/wp\/v2\/pages\/4076","targetHints":{"allow":["GET"]}}],"collection":[{"href":"https:\/\/urbexbay.com\/it\/wp-json\/wp\/v2\/pages"}],"about":[{"href":"https:\/\/urbexbay.com\/it\/wp-json\/wp\/v2\/types\/page"}],"author":[{"embeddable":true,"href":"https:\/\/urbexbay.com\/it\/wp-json\/wp\/v2\/users\/1"}],"replies":[{"embeddable":true,"href":"https:\/\/urbexbay.com\/it\/wp-json\/wp\/v2\/comments?post=4076"}],"version-history":[{"count":1,"href":"https:\/\/urbexbay.com\/it\/wp-json\/wp\/v2\/pages\/4076\/revisions"}],"predecessor-version":[{"id":26449,"href":"https:\/\/urbexbay.com\/it\/wp-json\/wp\/v2\/pages\/4076\/revisions\/26449"}],"wp:attachment":[{"href":"https:\/\/urbexbay.com\/it\/wp-json\/wp\/v2\/media?parent=4076"}],"curies":[{"name":"wp","href":"https:\/\/api.w.org\/{rel}","templated":true}]}}