{"id":4072,"date":"2022-04-15T22:25:34","date_gmt":"2022-04-15T20:25:34","guid":{"rendered":"https:\/\/urbexbay.com\/urbexbay-explorer\/"},"modified":"2022-05-28T15:16:18","modified_gmt":"2022-05-28T13:16:18","slug":"urbexbay-exclusive","status":"publish","type":"page","link":"https:\/\/urbexbay.com\/it\/urbexbay-exclusive\/","title":{"rendered":"UrbexBay Exclusive"},"content":{"rendered":"<p>Tutti i nostri &#8220;exclusive spots&#8221; sono stati verificati dal nostro staff o dai nostri partner. Le coordinate di questi luoghi sono esatte e sono adatte per esploratori confermati.<\/p>\n<p>Se uno spot verificato non esiste pi\u00f9, ti forniremo altre due localit\u00e0 a tua scelta disponibile sul nostro sito web.<\/p>\n<p>Uno spot esclusivo forse \u00e8 pi\u00f9 bello di uno verificato ma l&#8217;esplorazione \u00e8 pi\u00f9 difficile.<\/p>\n<p>Si prega di leggere la <a href=\"https:\/\/urbexbay.com\/it\/sicurezza\/\"><strong>guida alla sicurezza<\/strong><\/a> prima di esplorare un luogo Urbex! La vostra sicurezza \u00e8 la nostra prima preoccupazione.<\/p>\n","protected":false},"excerpt":{"rendered":"<p>Tutti i nostri &#8220;exclusive spots&#8221; sono stati verificati dal nostro staff o dai nostri partner. Le coordinate di questi luoghi [&#8230;]<\/p>\n<p><a class=\"btn btn-1 understrap-read-more-link\" href=\"https:\/\/urbexbay.com\/it\/urbexbay-exclusive\/\">Leggi tutto&#8230;<\/a><\/p>\n","protected":false},"author":1,"featured_media":0,"parent":0,"menu_order":0,"comment_status":"closed","ping_status":"closed","template":"page-templates\/small-container.php","meta":{"footnotes":""},"class_list":["post-4072","page","type-page","status-publish","hentry"],"yoast_head":"<!-- This site is optimized with the Yoast SEO plugin v24.7 - https:\/\/yoast.com\/wordpress\/plugins\/seo\/ -->\n<title>UrbexBay Exclusive - UrbexBay\u2122<\/title>\n<meta name=\"description\" content=\"Tutti i nostri &quot;exclusive spots&quot; sono stati verificati dal nostro staff o dai nostri partner. Le coordinate di questi luoghi sono esatte e sono adatte per esploratori confermati.  Se uno spot verificato non esiste pi\u00f9, ti forniremo altre due localit\u00e0 a tua scelta disponibile sul nostro sito web.  Uno spot esclusivo forse \u00e8 pi\u00f9 bello di uno verificato ma l&#039;esplorazione \u00e8 pi\u00f9 difficile.  Si prega di leggere la guida alla sicurezza prima di esplorare un luogo Urbex! La vostra sicurezza \u00e8 la nostra prima preoccupazione.\" \/>\n<meta name=\"robots\" content=\"index, follow, max-snippet:-1, max-image-preview:large, max-video-preview:-1\" \/>\n<link rel=\"canonical\" href=\"https:\/\/urbexbay.com\/it\/urbexbay-exclusive\/\" \/>\n<meta property=\"og:locale\" content=\"it_IT\" \/>\n<meta property=\"og:type\" content=\"article\" \/>\n<meta property=\"og:title\" content=\"UrbexBay Exclusive - UrbexBay\u2122\" \/>\n<meta property=\"og:description\" content=\"Tutti i nostri &quot;exclusive spots&quot; sono stati verificati dal nostro staff o dai nostri partner. Le coordinate di questi luoghi sono esatte e sono adatte per esploratori confermati.  Se uno spot verificato non esiste pi\u00f9, ti forniremo altre due localit\u00e0 a tua scelta disponibile sul nostro sito web.  Uno spot esclusivo forse \u00e8 pi\u00f9 bello di uno verificato ma l&#039;esplorazione \u00e8 pi\u00f9 difficile.  Si prega di leggere la guida alla sicurezza prima di esplorare un luogo Urbex! La vostra sicurezza \u00e8 la nostra prima preoccupazione.\" \/>\n<meta property=\"og:url\" content=\"https:\/\/urbexbay.com\/it\/urbexbay-exclusive\/\" \/>\n<meta property=\"og:site_name\" content=\"UrbexBay\u2122\" \/>\n<meta property=\"article:publisher\" content=\"https:\/\/www.facebook.com\/urbexbay\/\" \/>\n<meta property=\"article:modified_time\" content=\"2022-05-28T13:16:18+00:00\" \/>\n<meta name=\"twitter:card\" content=\"summary_large_image\" \/>\n<script type=\"application\/ld+json\" class=\"yoast-schema-graph\">{\"@context\":\"https:\/\/schema.org\",\"@graph\":[{\"@type\":\"WebPage\",\"@id\":\"https:\/\/urbexbay.com\/it\/urbexbay-exclusive\/\",\"url\":\"https:\/\/urbexbay.com\/it\/urbexbay-exclusive\/\",\"name\":\"UrbexBay Exclusive - UrbexBay\u2122\",\"isPartOf\":{\"@id\":\"https:\/\/urbexbay.com\/it\/#website\"},\"datePublished\":\"2022-04-15T20:25:34+00:00\",\"dateModified\":\"2022-05-28T13:16:18+00:00\",\"description\":\"Tutti i nostri \\\"exclusive spots\\\" sono stati verificati dal nostro staff o dai nostri partner. Le coordinate di questi luoghi sono esatte e sono adatte per esploratori confermati. Se uno spot verificato non esiste pi\u00f9, ti forniremo altre due localit\u00e0 a tua scelta disponibile sul nostro sito web. Uno spot esclusivo forse \u00e8 pi\u00f9 bello di uno verificato ma l'esplorazione \u00e8 pi\u00f9 difficile. Si prega di leggere la guida alla sicurezza prima di esplorare un luogo Urbex! La vostra sicurezza \u00e8 la nostra prima preoccupazione.\",\"breadcrumb\":{\"@id\":\"https:\/\/urbexbay.com\/it\/urbexbay-exclusive\/#breadcrumb\"},\"inLanguage\":\"it-IT\",\"potentialAction\":[{\"@type\":\"ReadAction\",\"target\":[\"https:\/\/urbexbay.com\/it\/urbexbay-exclusive\/\"]}]},{\"@type\":\"BreadcrumbList\",\"@id\":\"https:\/\/urbexbay.com\/it\/urbexbay-exclusive\/#breadcrumb\",\"itemListElement\":[{\"@type\":\"ListItem\",\"position\":1,\"name\":\"Home\",\"item\":\"https:\/\/urbexbay.com\/it\/\"},{\"@type\":\"ListItem\",\"position\":2,\"name\":\"UrbexBay Exclusive\"}]},{\"@type\":\"WebSite\",\"@id\":\"https:\/\/urbexbay.com\/it\/#website\",\"url\":\"https:\/\/urbexbay.com\/it\/\",\"name\":\"UrbexBay\u2122\",\"description\":\"Coordinate dei luoghi Urbex\",\"publisher\":{\"@id\":\"https:\/\/urbexbay.com\/it\/#organization\"},\"potentialAction\":[{\"@type\":\"SearchAction\",\"target\":{\"@type\":\"EntryPoint\",\"urlTemplate\":\"https:\/\/urbexbay.com\/it\/?s={search_term_string}\"},\"query-input\":{\"@type\":\"PropertyValueSpecification\",\"valueRequired\":true,\"valueName\":\"search_term_string\"}}],\"inLanguage\":\"it-IT\"},{\"@type\":\"Organization\",\"@id\":\"https:\/\/urbexbay.com\/it\/#organization\",\"name\":\"Urbex Bay\",\"url\":\"https:\/\/urbexbay.com\/it\/\",\"logo\":{\"@type\":\"ImageObject\",\"inLanguage\":\"it-IT\",\"@id\":\"https:\/\/urbexbay.com\/it\/#\/schema\/logo\/image\/\",\"url\":\"https:\/\/urbexbay.com\/wp-content\/uploads\/2022\/04\/ub-bill-logo.png\",\"contentUrl\":\"https:\/\/urbexbay.com\/wp-content\/uploads\/2022\/04\/ub-bill-logo.png\",\"width\":593,\"height\":140,\"caption\":\"Urbex Bay\"},\"image\":{\"@id\":\"https:\/\/urbexbay.com\/it\/#\/schema\/logo\/image\/\"},\"sameAs\":[\"https:\/\/www.facebook.com\/urbexbay\/\",\"https:\/\/www.instagram.com\/urbex_bay\/\"]}]}<\/script>\n<!-- \/ Yoast SEO plugin. -->","yoast_head_json":{"title":"UrbexBay Exclusive - UrbexBay\u2122","description":"Tutti i nostri \"exclusive spots\" sono stati verificati dal nostro staff o dai nostri partner. Le coordinate di questi luoghi sono esatte e sono adatte per esploratori confermati.  Se uno spot verificato non esiste pi\u00f9, ti forniremo altre due localit\u00e0 a tua scelta disponibile sul nostro sito web.  Uno spot esclusivo forse \u00e8 pi\u00f9 bello di uno verificato ma l'esplorazione \u00e8 pi\u00f9 difficile.  Si prega di leggere la guida alla sicurezza prima di esplorare un luogo Urbex! La vostra sicurezza \u00e8 la nostra prima preoccupazione.","robots":{"index":"index","follow":"follow","max-snippet":"max-snippet:-1","max-image-preview":"max-image-preview:large","max-video-preview":"max-video-preview:-1"},"canonical":"https:\/\/urbexbay.com\/it\/urbexbay-exclusive\/","og_locale":"it_IT","og_type":"article","og_title":"UrbexBay Exclusive - UrbexBay\u2122","og_description":"Tutti i nostri \"exclusive spots\" sono stati verificati dal nostro staff o dai nostri partner. Le coordinate di questi luoghi sono esatte e sono adatte per esploratori confermati.  Se uno spot verificato non esiste pi\u00f9, ti forniremo altre due localit\u00e0 a tua scelta disponibile sul nostro sito web.  Uno spot esclusivo forse \u00e8 pi\u00f9 bello di uno verificato ma l'esplorazione \u00e8 pi\u00f9 difficile.  Si prega di leggere la guida alla sicurezza prima di esplorare un luogo Urbex! La vostra sicurezza \u00e8 la nostra prima preoccupazione.","og_url":"https:\/\/urbexbay.com\/it\/urbexbay-exclusive\/","og_site_name":"UrbexBay\u2122","article_publisher":"https:\/\/www.facebook.com\/urbexbay\/","article_modified_time":"2022-05-28T13:16:18+00:00","twitter_card":"summary_large_image","schema":{"@context":"https:\/\/schema.org","@graph":[{"@type":"WebPage","@id":"https:\/\/urbexbay.com\/it\/urbexbay-exclusive\/","url":"https:\/\/urbexbay.com\/it\/urbexbay-exclusive\/","name":"UrbexBay Exclusive - UrbexBay\u2122","isPartOf":{"@id":"https:\/\/urbexbay.com\/it\/#website"},"datePublished":"2022-04-15T20:25:34+00:00","dateModified":"2022-05-28T13:16:18+00:00","description":"Tutti i nostri \"exclusive spots\" sono stati verificati dal nostro staff o dai nostri partner. Le coordinate di questi luoghi sono esatte e sono adatte per esploratori confermati. Se uno spot verificato non esiste pi\u00f9, ti forniremo altre due localit\u00e0 a tua scelta disponibile sul nostro sito web. Uno spot esclusivo forse \u00e8 pi\u00f9 bello di uno verificato ma l'esplorazione \u00e8 pi\u00f9 difficile. Si prega di leggere la guida alla sicurezza prima di esplorare un luogo Urbex! La vostra sicurezza \u00e8 la nostra prima preoccupazione.","breadcrumb":{"@id":"https:\/\/urbexbay.com\/it\/urbexbay-exclusive\/#breadcrumb"},"inLanguage":"it-IT","potentialAction":[{"@type":"ReadAction","target":["https:\/\/urbexbay.com\/it\/urbexbay-exclusive\/"]}]},{"@type":"BreadcrumbList","@id":"https:\/\/urbexbay.com\/it\/urbexbay-exclusive\/#breadcrumb","itemListElement":[{"@type":"ListItem","position":1,"name":"Home","item":"https:\/\/urbexbay.com\/it\/"},{"@type":"ListItem","position":2,"name":"UrbexBay Exclusive"}]},{"@type":"WebSite","@id":"https:\/\/urbexbay.com\/it\/#website","url":"https:\/\/urbexbay.com\/it\/","name":"UrbexBay\u2122","description":"Coordinate dei luoghi Urbex","publisher":{"@id":"https:\/\/urbexbay.com\/it\/#organization"},"potentialAction":[{"@type":"SearchAction","target":{"@type":"EntryPoint","urlTemplate":"https:\/\/urbexbay.com\/it\/?s={search_term_string}"},"query-input":{"@type":"PropertyValueSpecification","valueRequired":true,"valueName":"search_term_string"}}],"inLanguage":"it-IT"},{"@type":"Organization","@id":"https:\/\/urbexbay.com\/it\/#organization","name":"Urbex Bay","url":"https:\/\/urbexbay.com\/it\/","logo":{"@type":"ImageObject","inLanguage":"it-IT","@id":"https:\/\/urbexbay.com\/it\/#\/schema\/logo\/image\/","url":"https:\/\/urbexbay.com\/wp-content\/uploads\/2022\/04\/ub-bill-logo.png","contentUrl":"https:\/\/urbexbay.com\/wp-content\/uploads\/2022\/04\/ub-bill-logo.png","width":593,"height":140,"caption":"Urbex Bay"},"image":{"@id":"https:\/\/urbexbay.com\/it\/#\/schema\/logo\/image\/"},"sameAs":["https:\/\/www.facebook.com\/urbexbay\/","https:\/\/www.instagram.com\/urbex_bay\/"]}]}},"_links":{"self":[{"href":"https:\/\/urbexbay.com\/it\/wp-json\/wp\/v2\/pages\/4072","targetHints":{"allow":["GET"]}}],"collection":[{"href":"https:\/\/urbexbay.com\/it\/wp-json\/wp\/v2\/pages"}],"about":[{"href":"https:\/\/urbexbay.com\/it\/wp-json\/wp\/v2\/types\/page"}],"author":[{"embeddable":true,"href":"https:\/\/urbexbay.com\/it\/wp-json\/wp\/v2\/users\/1"}],"replies":[{"embeddable":true,"href":"https:\/\/urbexbay.com\/it\/wp-json\/wp\/v2\/comments?post=4072"}],"version-history":[{"count":0,"href":"https:\/\/urbexbay.com\/it\/wp-json\/wp\/v2\/pages\/4072\/revisions"}],"wp:attachment":[{"href":"https:\/\/urbexbay.com\/it\/wp-json\/wp\/v2\/media?parent=4072"}],"curies":[{"name":"wp","href":"https:\/\/api.w.org\/{rel}","templated":true}]}}