{"id":4057,"date":"2022-04-15T22:20:13","date_gmt":"2022-04-15T20:20:13","guid":{"rendered":"https:\/\/urbexbay.com\/politica-di-rimborso\/"},"modified":"2022-05-28T20:27:56","modified_gmt":"2022-05-28T18:27:56","slug":"politica-di-rimborso","status":"publish","type":"page","link":"https:\/\/urbexbay.com\/it\/politica-di-rimborso\/","title":{"rendered":"Politica di rimborso"},"content":{"rendered":"<p>Grazie per aver usufruito dei nostri servizi UrbexBay.<\/p><p>Se, per qualsiasi motivo, non sei completamente soddisfatto di un servizio. Ti invitiamo a vedere la nostra politica sui rimborsi. I seguenti termini sono applicabili a tutti i prodotti acquistati con noi.<\/p><h2 class=\"wp-block-heading\">Interpretazione e definizioni<\/h2><h3 class=\"wp-block-heading\"><strong>Interpretazione<\/strong><\/h3><p>Le parole in cui la lettera iniziale \u00e8 maiuscola hanno significati definiti nelle seguenti condizioni. Le seguenti definizioni avranno lo stesso significato indipendentemente dal fatto che appaiano al singolare o al plurale.<\/p><h3 class=\"wp-block-heading\"><strong>Definizioni<\/strong><\/h3><p>Per questa Politica di Restituzione e Rimborso:<\/p><ul class=\"wp-block-list\"><li><strong>Societ\u00e0<\/strong>\u00a0(denominata &#8220;UrbexBay&#8221;, &#8220;Noi&#8221; ovvero &#8220;Nostro&#8221; nel presente Accordo)<\/li><li><strong>Ordini<\/strong>\u00a0si intende una richiesta da parte dell&#8217;Utente di acquistare coordinate GPS.<\/li><li><strong>Servizio<\/strong>\u00a0si riferisce al Sito.<\/li><li><strong>Il sito Web<\/strong>\u00a0fa riferimento a il Mio Sito, accessibile dall\u2019indirizzo\u00a0<a href=\"https:\/\/urbexbay.com\/it\/\">https:\/\/urbexbay.com\/<\/a><\/li><li><strong>Tu, Lei o Voi<\/strong>\u00a0fa riferimento alla persona fisica che accede o utilizza il Servizio, o la societ\u00e0, o altra persona giuridica per conto della quale tale persona accede o utilizza il Servizio, a seconda dei casi.<\/li><\/ul><h3 class=\"wp-block-heading\">I tuoi diritti di annullamento dell&#8217;ordine<\/h3><p>UrbexBay fornisce il rimborso in caso di annullamento dell\u2019Ordine. Il rimborso sar\u00e0 fornito sotto forma di codice coupon che sar\u00e0 dello stesso importo pagato da chi ha usufruito del nostro Servizio.<\/p><p>Quando il rimborso viene approvato, ti verr\u00e0 fornito un codice coupon. Il codice coupon verr\u00e0 rilasciato automaticamente. Il cliente riceve il codice coupon tramite un&#8217;e-mail. Ci\u00f2 evita che la societ\u00e0 prenda tempo per richiedere un codice coupon e consente ai membri di ottenere rapidamente il codice coupon. Il valore del codice coupon sar\u00e0 lo stesso pagato dall&#8217;utente durante l&#8217;ordine.<\/p><h3 class=\"wp-block-heading\"><strong>Contattaci<\/strong><\/h3><p>In caso di domande sulla nostra politica di rimborso, contattaci all&#8217;indirizzo<\/p><ul class=\"wp-block-list\"><li>Email: contact[@]urbexbay.com<\/li><\/ul>","protected":false},"excerpt":{"rendered":"<p>Grazie per aver usufruito dei nostri servizi UrbexBay. Se, per qualsiasi motivo, non sei completamente soddisfatto di un servizio. Ti [&#8230;]<\/p>\n<p><a class=\"btn btn-1 understrap-read-more-link\" href=\"https:\/\/urbexbay.com\/it\/politica-di-rimborso\/\">Leggi tutto&#8230;<\/a><\/p>\n","protected":false},"author":1,"featured_media":0,"parent":0,"menu_order":0,"comment_status":"closed","ping_status":"closed","template":"","meta":{"footnotes":""},"class_list":["post-4057","page","type-page","status-publish","hentry"],"yoast_head":"<!-- This site is optimized with the Yoast SEO plugin v24.7 - https:\/\/yoast.com\/wordpress\/plugins\/seo\/ -->\n<title>Politica di rimborso - UrbexBay\u2122<\/title>\n<meta name=\"description\" content=\"Grazie per aver usufruito dei nostri servizi UrbexBay. Se, per qualsiasi motivo, non sei completamente soddisfatto di un servizio. Ti invitiamo a vedere la nostra politica sui rimborsi. I seguenti termini sono applicabili a tutti i prodotti acquistati con noi. Interpretazione e definizioni Interpretazione Le parole in cui la lettera iniziale \u00e8 maiuscola hanno significati definiti nelle seguenti condizioni. Le seguenti definizioni avranno lo stesso significato indipendentemente dal fatto che appaiano al singolare o al plurale. Definizioni Per questa Politica di Restituzione e Rimborso: Societ\u00e0\u00a0(denominata &quot;UrbexBay&quot;, &quot;Noi&quot; ovvero &quot;Nostro&quot; nel presente Accordo)Ordini\u00a0si intende una richiesta da parte dell&#039;Utente di acquistare coordinate GPS.Servizio\u00a0si riferisce al Sito.Il sito Web\u00a0fa riferimento a il Mio Sito, accessibile dall\u2019indirizzo\u00a0https:\/\/urbexbay.com\/Tu, Lei o Voi\u00a0fa riferimento alla persona fisica che accede o utilizza il Servizio, o la societ\u00e0, o altra persona giuridica per conto della quale tale persona accede o utilizza il Servizio, a seconda dei casi. I tuoi diritti di annullamento dell&#039;ordine UrbexBay fornisce il rimborso in caso di annullamento dell\u2019Ordine. Il rimborso sar\u00e0 fornito sotto forma di codice coupon che sar\u00e0 dello stesso importo pagato da chi ha usufruito del nostro Servizio. Quando il rimborso viene approvato, ti verr\u00e0 fornito un codice coupon. Il codice coupon verr\u00e0 rilasciato automaticamente. Il cliente riceve il codice coupon tramite un&#039;e-mail. Ci\u00f2 evita che la societ\u00e0 prenda tempo per richiedere un codice coupon e consente ai membri di ottenere rapidamente il codice coupon. Il valore del codice coupon sar\u00e0 lo stesso pagato dall&#039;utente durante l&#039;ordine. Contattaci In caso di domande sulla nostra politica di rimborso, contattaci all&#039;indirizzo Email: contacturbexbay.com\" \/>\n<meta name=\"robots\" content=\"index, follow, max-snippet:-1, max-image-preview:large, max-video-preview:-1\" \/>\n<link rel=\"canonical\" href=\"https:\/\/urbexbay.com\/it\/politica-di-rimborso\/\" \/>\n<meta property=\"og:locale\" content=\"it_IT\" \/>\n<meta property=\"og:type\" content=\"article\" \/>\n<meta property=\"og:title\" content=\"Politica di rimborso - UrbexBay\u2122\" \/>\n<meta property=\"og:description\" content=\"Grazie per aver usufruito dei nostri servizi UrbexBay. Se, per qualsiasi motivo, non sei completamente soddisfatto di un servizio. Ti invitiamo a vedere la nostra politica sui rimborsi. I seguenti termini sono applicabili a tutti i prodotti acquistati con noi. Interpretazione e definizioni Interpretazione Le parole in cui la lettera iniziale \u00e8 maiuscola hanno significati definiti nelle seguenti condizioni. Le seguenti definizioni avranno lo stesso significato indipendentemente dal fatto che appaiano al singolare o al plurale. Definizioni Per questa Politica di Restituzione e Rimborso: Societ\u00e0\u00a0(denominata &quot;UrbexBay&quot;, &quot;Noi&quot; ovvero &quot;Nostro&quot; nel presente Accordo)Ordini\u00a0si intende una richiesta da parte dell&#039;Utente di acquistare coordinate GPS.Servizio\u00a0si riferisce al Sito.Il sito Web\u00a0fa riferimento a il Mio Sito, accessibile dall\u2019indirizzo\u00a0https:\/\/urbexbay.com\/Tu, Lei o Voi\u00a0fa riferimento alla persona fisica che accede o utilizza il Servizio, o la societ\u00e0, o altra persona giuridica per conto della quale tale persona accede o utilizza il Servizio, a seconda dei casi. I tuoi diritti di annullamento dell&#039;ordine UrbexBay fornisce il rimborso in caso di annullamento dell\u2019Ordine. Il rimborso sar\u00e0 fornito sotto forma di codice coupon che sar\u00e0 dello stesso importo pagato da chi ha usufruito del nostro Servizio. Quando il rimborso viene approvato, ti verr\u00e0 fornito un codice coupon. Il codice coupon verr\u00e0 rilasciato automaticamente. Il cliente riceve il codice coupon tramite un&#039;e-mail. Ci\u00f2 evita che la societ\u00e0 prenda tempo per richiedere un codice coupon e consente ai membri di ottenere rapidamente il codice coupon. Il valore del codice coupon sar\u00e0 lo stesso pagato dall&#039;utente durante l&#039;ordine. Contattaci In caso di domande sulla nostra politica di rimborso, contattaci all&#039;indirizzo Email: contacturbexbay.com\" \/>\n<meta property=\"og:url\" content=\"https:\/\/urbexbay.com\/it\/politica-di-rimborso\/\" \/>\n<meta property=\"og:site_name\" content=\"UrbexBay\u2122\" \/>\n<meta property=\"article:publisher\" content=\"https:\/\/www.facebook.com\/urbexbay\/\" \/>\n<meta property=\"article:modified_time\" content=\"2022-05-28T18:27:56+00:00\" \/>\n<meta name=\"twitter:card\" content=\"summary_large_image\" \/>\n<meta name=\"twitter:label1\" content=\"Tempo di lettura stimato\" \/>\n\t<meta name=\"twitter:data1\" content=\"1 minuto\" \/>\n<script type=\"application\/ld+json\" class=\"yoast-schema-graph\">{\"@context\":\"https:\/\/schema.org\",\"@graph\":[{\"@type\":\"WebPage\",\"@id\":\"https:\/\/urbexbay.com\/it\/politica-di-rimborso\/\",\"url\":\"https:\/\/urbexbay.com\/it\/politica-di-rimborso\/\",\"name\":\"Politica di rimborso - UrbexBay\u2122\",\"isPartOf\":{\"@id\":\"https:\/\/urbexbay.com\/it\/#website\"},\"datePublished\":\"2022-04-15T20:20:13+00:00\",\"dateModified\":\"2022-05-28T18:27:56+00:00\",\"description\":\"Grazie per aver usufruito dei nostri servizi UrbexBay. Se, per qualsiasi motivo, non sei completamente soddisfatto di un servizio. Ti invitiamo a vedere la nostra politica sui rimborsi. I seguenti termini sono applicabili a tutti i prodotti acquistati con noi. Interpretazione e definizioni Interpretazione Le parole in cui la lettera iniziale \u00e8 maiuscola hanno significati definiti nelle seguenti condizioni. Le seguenti definizioni avranno lo stesso significato indipendentemente dal fatto che appaiano al singolare o al plurale. Definizioni Per questa Politica di Restituzione e Rimborso: Societ\u00e0\u00a0(denominata \\\"UrbexBay\\\", \\\"Noi\\\" ovvero \\\"Nostro\\\" nel presente Accordo)Ordini\u00a0si intende una richiesta da parte dell'Utente di acquistare coordinate GPS.Servizio\u00a0si riferisce al Sito.Il sito Web\u00a0fa riferimento a il Mio Sito, accessibile dall\u2019indirizzo\u00a0https:\/\/urbexbay.com\/Tu, Lei o Voi\u00a0fa riferimento alla persona fisica che accede o utilizza il Servizio, o la societ\u00e0, o altra persona giuridica per conto della quale tale persona accede o utilizza il Servizio, a seconda dei casi. I tuoi diritti di annullamento dell'ordine UrbexBay fornisce il rimborso in caso di annullamento dell\u2019Ordine. Il rimborso sar\u00e0 fornito sotto forma di codice coupon che sar\u00e0 dello stesso importo pagato da chi ha usufruito del nostro Servizio. Quando il rimborso viene approvato, ti verr\u00e0 fornito un codice coupon. Il codice coupon verr\u00e0 rilasciato automaticamente. Il cliente riceve il codice coupon tramite un'e-mail. Ci\u00f2 evita che la societ\u00e0 prenda tempo per richiedere un codice coupon e consente ai membri di ottenere rapidamente il codice coupon. Il valore del codice coupon sar\u00e0 lo stesso pagato dall'utente durante l'ordine. Contattaci In caso di domande sulla nostra politica di rimborso, contattaci all'indirizzo Email: contacturbexbay.com\",\"breadcrumb\":{\"@id\":\"https:\/\/urbexbay.com\/it\/politica-di-rimborso\/#breadcrumb\"},\"inLanguage\":\"it-IT\",\"potentialAction\":[{\"@type\":\"ReadAction\",\"target\":[\"https:\/\/urbexbay.com\/it\/politica-di-rimborso\/\"]}]},{\"@type\":\"BreadcrumbList\",\"@id\":\"https:\/\/urbexbay.com\/it\/politica-di-rimborso\/#breadcrumb\",\"itemListElement\":[{\"@type\":\"ListItem\",\"position\":1,\"name\":\"Home\",\"item\":\"https:\/\/urbexbay.com\/it\/\"},{\"@type\":\"ListItem\",\"position\":2,\"name\":\"Politica di rimborso\"}]},{\"@type\":\"WebSite\",\"@id\":\"https:\/\/urbexbay.com\/it\/#website\",\"url\":\"https:\/\/urbexbay.com\/it\/\",\"name\":\"UrbexBay\u2122\",\"description\":\"Coordinate dei luoghi Urbex\",\"publisher\":{\"@id\":\"https:\/\/urbexbay.com\/it\/#organization\"},\"potentialAction\":[{\"@type\":\"SearchAction\",\"target\":{\"@type\":\"EntryPoint\",\"urlTemplate\":\"https:\/\/urbexbay.com\/it\/?s={search_term_string}\"},\"query-input\":{\"@type\":\"PropertyValueSpecification\",\"valueRequired\":true,\"valueName\":\"search_term_string\"}}],\"inLanguage\":\"it-IT\"},{\"@type\":\"Organization\",\"@id\":\"https:\/\/urbexbay.com\/it\/#organization\",\"name\":\"Urbex Bay\",\"url\":\"https:\/\/urbexbay.com\/it\/\",\"logo\":{\"@type\":\"ImageObject\",\"inLanguage\":\"it-IT\",\"@id\":\"https:\/\/urbexbay.com\/it\/#\/schema\/logo\/image\/\",\"url\":\"https:\/\/urbexbay.com\/wp-content\/uploads\/2022\/04\/ub-bill-logo.png\",\"contentUrl\":\"https:\/\/urbexbay.com\/wp-content\/uploads\/2022\/04\/ub-bill-logo.png\",\"width\":593,\"height\":140,\"caption\":\"Urbex Bay\"},\"image\":{\"@id\":\"https:\/\/urbexbay.com\/it\/#\/schema\/logo\/image\/\"},\"sameAs\":[\"https:\/\/www.facebook.com\/urbexbay\/\",\"https:\/\/www.instagram.com\/urbex_bay\/\"]}]}<\/script>\n<!-- \/ Yoast SEO plugin. -->","yoast_head_json":{"title":"Politica di rimborso - UrbexBay\u2122","description":"Grazie per aver usufruito dei nostri servizi UrbexBay. Se, per qualsiasi motivo, non sei completamente soddisfatto di un servizio. Ti invitiamo a vedere la nostra politica sui rimborsi. I seguenti termini sono applicabili a tutti i prodotti acquistati con noi. Interpretazione e definizioni Interpretazione Le parole in cui la lettera iniziale \u00e8 maiuscola hanno significati definiti nelle seguenti condizioni. Le seguenti definizioni avranno lo stesso significato indipendentemente dal fatto che appaiano al singolare o al plurale. Definizioni Per questa Politica di Restituzione e Rimborso: Societ\u00e0\u00a0(denominata \"UrbexBay\", \"Noi\" ovvero \"Nostro\" nel presente Accordo)Ordini\u00a0si intende una richiesta da parte dell'Utente di acquistare coordinate GPS.Servizio\u00a0si riferisce al Sito.Il sito Web\u00a0fa riferimento a il Mio Sito, accessibile dall\u2019indirizzo\u00a0https:\/\/urbexbay.com\/Tu, Lei o Voi\u00a0fa riferimento alla persona fisica che accede o utilizza il Servizio, o la societ\u00e0, o altra persona giuridica per conto della quale tale persona accede o utilizza il Servizio, a seconda dei casi. I tuoi diritti di annullamento dell'ordine UrbexBay fornisce il rimborso in caso di annullamento dell\u2019Ordine. Il rimborso sar\u00e0 fornito sotto forma di codice coupon che sar\u00e0 dello stesso importo pagato da chi ha usufruito del nostro Servizio. Quando il rimborso viene approvato, ti verr\u00e0 fornito un codice coupon. Il codice coupon verr\u00e0 rilasciato automaticamente. Il cliente riceve il codice coupon tramite un'e-mail. Ci\u00f2 evita che la societ\u00e0 prenda tempo per richiedere un codice coupon e consente ai membri di ottenere rapidamente il codice coupon. Il valore del codice coupon sar\u00e0 lo stesso pagato dall'utente durante l'ordine. Contattaci In caso di domande sulla nostra politica di rimborso, contattaci all'indirizzo Email: contacturbexbay.com","robots":{"index":"index","follow":"follow","max-snippet":"max-snippet:-1","max-image-preview":"max-image-preview:large","max-video-preview":"max-video-preview:-1"},"canonical":"https:\/\/urbexbay.com\/it\/politica-di-rimborso\/","og_locale":"it_IT","og_type":"article","og_title":"Politica di rimborso - UrbexBay\u2122","og_description":"Grazie per aver usufruito dei nostri servizi UrbexBay. Se, per qualsiasi motivo, non sei completamente soddisfatto di un servizio. Ti invitiamo a vedere la nostra politica sui rimborsi. I seguenti termini sono applicabili a tutti i prodotti acquistati con noi. Interpretazione e definizioni Interpretazione Le parole in cui la lettera iniziale \u00e8 maiuscola hanno significati definiti nelle seguenti condizioni. Le seguenti definizioni avranno lo stesso significato indipendentemente dal fatto che appaiano al singolare o al plurale. Definizioni Per questa Politica di Restituzione e Rimborso: Societ\u00e0\u00a0(denominata \"UrbexBay\", \"Noi\" ovvero \"Nostro\" nel presente Accordo)Ordini\u00a0si intende una richiesta da parte dell'Utente di acquistare coordinate GPS.Servizio\u00a0si riferisce al Sito.Il sito Web\u00a0fa riferimento a il Mio Sito, accessibile dall\u2019indirizzo\u00a0https:\/\/urbexbay.com\/Tu, Lei o Voi\u00a0fa riferimento alla persona fisica che accede o utilizza il Servizio, o la societ\u00e0, o altra persona giuridica per conto della quale tale persona accede o utilizza il Servizio, a seconda dei casi. I tuoi diritti di annullamento dell'ordine UrbexBay fornisce il rimborso in caso di annullamento dell\u2019Ordine. Il rimborso sar\u00e0 fornito sotto forma di codice coupon che sar\u00e0 dello stesso importo pagato da chi ha usufruito del nostro Servizio. Quando il rimborso viene approvato, ti verr\u00e0 fornito un codice coupon. Il codice coupon verr\u00e0 rilasciato automaticamente. Il cliente riceve il codice coupon tramite un'e-mail. Ci\u00f2 evita che la societ\u00e0 prenda tempo per richiedere un codice coupon e consente ai membri di ottenere rapidamente il codice coupon. Il valore del codice coupon sar\u00e0 lo stesso pagato dall'utente durante l'ordine. Contattaci In caso di domande sulla nostra politica di rimborso, contattaci all'indirizzo Email: contacturbexbay.com","og_url":"https:\/\/urbexbay.com\/it\/politica-di-rimborso\/","og_site_name":"UrbexBay\u2122","article_publisher":"https:\/\/www.facebook.com\/urbexbay\/","article_modified_time":"2022-05-28T18:27:56+00:00","twitter_card":"summary_large_image","twitter_misc":{"Tempo di lettura stimato":"1 minuto"},"schema":{"@context":"https:\/\/schema.org","@graph":[{"@type":"WebPage","@id":"https:\/\/urbexbay.com\/it\/politica-di-rimborso\/","url":"https:\/\/urbexbay.com\/it\/politica-di-rimborso\/","name":"Politica di rimborso - UrbexBay\u2122","isPartOf":{"@id":"https:\/\/urbexbay.com\/it\/#website"},"datePublished":"2022-04-15T20:20:13+00:00","dateModified":"2022-05-28T18:27:56+00:00","description":"Grazie per aver usufruito dei nostri servizi UrbexBay. Se, per qualsiasi motivo, non sei completamente soddisfatto di un servizio. Ti invitiamo a vedere la nostra politica sui rimborsi. I seguenti termini sono applicabili a tutti i prodotti acquistati con noi. Interpretazione e definizioni Interpretazione Le parole in cui la lettera iniziale \u00e8 maiuscola hanno significati definiti nelle seguenti condizioni. Le seguenti definizioni avranno lo stesso significato indipendentemente dal fatto che appaiano al singolare o al plurale. Definizioni Per questa Politica di Restituzione e Rimborso: Societ\u00e0\u00a0(denominata \"UrbexBay\", \"Noi\" ovvero \"Nostro\" nel presente Accordo)Ordini\u00a0si intende una richiesta da parte dell'Utente di acquistare coordinate GPS.Servizio\u00a0si riferisce al Sito.Il sito Web\u00a0fa riferimento a il Mio Sito, accessibile dall\u2019indirizzo\u00a0https:\/\/urbexbay.com\/Tu, Lei o Voi\u00a0fa riferimento alla persona fisica che accede o utilizza il Servizio, o la societ\u00e0, o altra persona giuridica per conto della quale tale persona accede o utilizza il Servizio, a seconda dei casi. I tuoi diritti di annullamento dell'ordine UrbexBay fornisce il rimborso in caso di annullamento dell\u2019Ordine. Il rimborso sar\u00e0 fornito sotto forma di codice coupon che sar\u00e0 dello stesso importo pagato da chi ha usufruito del nostro Servizio. Quando il rimborso viene approvato, ti verr\u00e0 fornito un codice coupon. Il codice coupon verr\u00e0 rilasciato automaticamente. Il cliente riceve il codice coupon tramite un'e-mail. Ci\u00f2 evita che la societ\u00e0 prenda tempo per richiedere un codice coupon e consente ai membri di ottenere rapidamente il codice coupon. Il valore del codice coupon sar\u00e0 lo stesso pagato dall'utente durante l'ordine. Contattaci In caso di domande sulla nostra politica di rimborso, contattaci all'indirizzo Email: contacturbexbay.com","breadcrumb":{"@id":"https:\/\/urbexbay.com\/it\/politica-di-rimborso\/#breadcrumb"},"inLanguage":"it-IT","potentialAction":[{"@type":"ReadAction","target":["https:\/\/urbexbay.com\/it\/politica-di-rimborso\/"]}]},{"@type":"BreadcrumbList","@id":"https:\/\/urbexbay.com\/it\/politica-di-rimborso\/#breadcrumb","itemListElement":[{"@type":"ListItem","position":1,"name":"Home","item":"https:\/\/urbexbay.com\/it\/"},{"@type":"ListItem","position":2,"name":"Politica di rimborso"}]},{"@type":"WebSite","@id":"https:\/\/urbexbay.com\/it\/#website","url":"https:\/\/urbexbay.com\/it\/","name":"UrbexBay\u2122","description":"Coordinate dei luoghi Urbex","publisher":{"@id":"https:\/\/urbexbay.com\/it\/#organization"},"potentialAction":[{"@type":"SearchAction","target":{"@type":"EntryPoint","urlTemplate":"https:\/\/urbexbay.com\/it\/?s={search_term_string}"},"query-input":{"@type":"PropertyValueSpecification","valueRequired":true,"valueName":"search_term_string"}}],"inLanguage":"it-IT"},{"@type":"Organization","@id":"https:\/\/urbexbay.com\/it\/#organization","name":"Urbex Bay","url":"https:\/\/urbexbay.com\/it\/","logo":{"@type":"ImageObject","inLanguage":"it-IT","@id":"https:\/\/urbexbay.com\/it\/#\/schema\/logo\/image\/","url":"https:\/\/urbexbay.com\/wp-content\/uploads\/2022\/04\/ub-bill-logo.png","contentUrl":"https:\/\/urbexbay.com\/wp-content\/uploads\/2022\/04\/ub-bill-logo.png","width":593,"height":140,"caption":"Urbex Bay"},"image":{"@id":"https:\/\/urbexbay.com\/it\/#\/schema\/logo\/image\/"},"sameAs":["https:\/\/www.facebook.com\/urbexbay\/","https:\/\/www.instagram.com\/urbex_bay\/"]}]}},"_links":{"self":[{"href":"https:\/\/urbexbay.com\/it\/wp-json\/wp\/v2\/pages\/4057","targetHints":{"allow":["GET"]}}],"collection":[{"href":"https:\/\/urbexbay.com\/it\/wp-json\/wp\/v2\/pages"}],"about":[{"href":"https:\/\/urbexbay.com\/it\/wp-json\/wp\/v2\/types\/page"}],"author":[{"embeddable":true,"href":"https:\/\/urbexbay.com\/it\/wp-json\/wp\/v2\/users\/1"}],"replies":[{"embeddable":true,"href":"https:\/\/urbexbay.com\/it\/wp-json\/wp\/v2\/comments?post=4057"}],"version-history":[{"count":0,"href":"https:\/\/urbexbay.com\/it\/wp-json\/wp\/v2\/pages\/4057\/revisions"}],"wp:attachment":[{"href":"https:\/\/urbexbay.com\/it\/wp-json\/wp\/v2\/media?parent=4057"}],"curies":[{"name":"wp","href":"https:\/\/api.w.org\/{rel}","templated":true}]}}