{"id":9669,"date":"2022-04-20T22:18:09","date_gmt":"2022-04-20T20:18:09","guid":{"rendered":"https:\/\/urbexbay.com\/spot\/locations\/non%20class\u00e9\/krugeer-garage\/"},"modified":"2022-05-28T11:47:36","modified_gmt":"2022-05-28T09:47:36","slug":"garage-kruger","status":"publish","type":"product","link":"https:\/\/urbexbay.com\/fr\/product\/garage-kruger\/","title":{"rendered":"Garage Kruger"},"content":{"rendered":"","protected":false},"excerpt":{"rendered":"<p> [&#8230;]<\/p>\n<p><a class=\"btn btn-1 understrap-read-more-link\" href=\"https:\/\/urbexbay.com\/fr\/product\/garage-kruger\/\">Lire la suite&#8230;<\/a><\/p>\n","protected":false},"featured_media":9151,"comment_status":"closed","ping_status":"closed","template":"","meta":[],"product_brand":[],"product_cat":[212,357,772],"product_tag":[],"class_list":{"0":"post-9669","1":"product","2":"type-product","3":"status-publish","4":"has-post-thumbnail","6":"product_cat-france-fr","7":"product_cat-provence-alpes-cote-dazur-fr","8":"product_cat-bouches-du-rhone-13-fr","9":"types-garages-fr","10":"badges-regular","11":"badges-regular-fr","13":"first","14":"instock","15":"sold-individually","16":"shipping-taxable","17":"purchasable","18":"product-type-spot"},"yoast_head":"<!-- This site is optimized with the Yoast SEO plugin v24.7 - https:\/\/yoast.com\/wordpress\/plugins\/seo\/ -->\n<title>Garage Kruger - UrbexBay\u2122<\/title>\n<meta name=\"description\" content=\"Garage Kruger est un spot urbex regular situ\u00e9 en Provence-Alpes-C\u00f4te d&#039;Azur, France. Vous voulez l&#039;explorer? Obtenez-le d\u00e8s maintenant sur urbexbay.com 2.99\u20ac.\" \/>\n<meta name=\"robots\" content=\"index, follow, max-snippet:-1, max-image-preview:large, max-video-preview:-1\" \/>\n<link rel=\"canonical\" href=\"https:\/\/urbexbay.com\/fr\/product\/garage-kruger\/\" \/>\n<meta property=\"og:locale\" content=\"fr_FR\" \/>\n<meta property=\"og:type\" content=\"article\" \/>\n<meta property=\"og:title\" content=\"Garage Kruger - UrbexBay\u2122\" \/>\n<meta property=\"og:description\" content=\"Garage Kruger est un spot urbex regular situ\u00e9 en Provence-Alpes-C\u00f4te d&#039;Azur, France. Vous voulez l&#039;explorer? Obtenez-le d\u00e8s maintenant sur urbexbay.com 2.99\u20ac.\" \/>\n<meta property=\"og:url\" content=\"https:\/\/urbexbay.com\/fr\/product\/garage-kruger\/\" \/>\n<meta property=\"og:site_name\" content=\"UrbexBay\u2122\" \/>\n<meta property=\"article:publisher\" content=\"https:\/\/www.facebook.com\/urbexbay\/\" \/>\n<meta property=\"article:modified_time\" content=\"2022-05-28T09:47:36+00:00\" \/>\n<meta property=\"og:image\" content=\"https:\/\/urbexbay.com\/wp-content\/uploads\/2022\/04\/Krugeer-Garage.jpg\" \/>\n\t<meta property=\"og:image:width\" content=\"1200\" \/>\n\t<meta property=\"og:image:height\" content=\"1280\" \/>\n\t<meta property=\"og:image:type\" content=\"image\/jpeg\" \/>\n<meta name=\"twitter:card\" content=\"summary_large_image\" \/>\n<script type=\"application\/ld+json\" class=\"yoast-schema-graph\">{\"@context\":\"https:\/\/schema.org\",\"@graph\":[{\"@type\":\"WebPage\",\"@id\":\"https:\/\/urbexbay.com\/fr\/product\/garage-kruger\/\",\"url\":\"https:\/\/urbexbay.com\/fr\/product\/garage-kruger\/\",\"name\":\"Garage Kruger - UrbexBay\u2122\",\"isPartOf\":{\"@id\":\"https:\/\/urbexbay.com\/fr\/#website\"},\"primaryImageOfPage\":{\"@id\":\"https:\/\/urbexbay.com\/fr\/product\/garage-kruger\/#primaryimage\"},\"image\":{\"@id\":\"https:\/\/urbexbay.com\/fr\/product\/garage-kruger\/#primaryimage\"},\"thumbnailUrl\":\"https:\/\/urbexbay.com\/wp-content\/uploads\/2022\/04\/Krugeer-Garage.jpg\",\"datePublished\":\"2022-04-20T20:18:09+00:00\",\"dateModified\":\"2022-05-28T09:47:36+00:00\",\"description\":\"Garage Kruger est un spot urbex regular situ\u00e9 en Provence-Alpes-C\u00f4te d&#039;Azur, France. Vous voulez l&#039;explorer? Obtenez-le d\u00e8s maintenant sur urbexbay.com 2.99\u20ac.\",\"breadcrumb\":{\"@id\":\"https:\/\/urbexbay.com\/fr\/product\/garage-kruger\/#breadcrumb\"},\"inLanguage\":\"fr-FR\",\"potentialAction\":[{\"@type\":\"ReadAction\",\"target\":[\"https:\/\/urbexbay.com\/fr\/product\/garage-kruger\/\"]}]},{\"@type\":\"ImageObject\",\"inLanguage\":\"fr-FR\",\"@id\":\"https:\/\/urbexbay.com\/fr\/product\/garage-kruger\/#primaryimage\",\"url\":\"https:\/\/urbexbay.com\/wp-content\/uploads\/2022\/04\/Krugeer-Garage.jpg\",\"contentUrl\":\"https:\/\/urbexbay.com\/wp-content\/uploads\/2022\/04\/Krugeer-Garage.jpg\",\"width\":1200,\"height\":1280,\"caption\":\"Krugeer Garage\"},{\"@type\":\"BreadcrumbList\",\"@id\":\"https:\/\/urbexbay.com\/fr\/product\/garage-kruger\/#breadcrumb\",\"itemListElement\":[{\"@type\":\"ListItem\",\"position\":1,\"name\":\"Home\",\"item\":\"https:\/\/urbexbay.com\/fr\/\"},{\"@type\":\"ListItem\",\"position\":2,\"name\":\"Explore\",\"item\":\"https:\/\/urbexbay.com\/explore\/\"},{\"@type\":\"ListItem\",\"position\":3,\"name\":\"Garage Kruger\"}]},{\"@type\":\"WebSite\",\"@id\":\"https:\/\/urbexbay.com\/fr\/#website\",\"url\":\"https:\/\/urbexbay.com\/fr\/\",\"name\":\"UrbexBay\u2122\",\"description\":\"Coordonn\u00e9es de spots Urbex\",\"publisher\":{\"@id\":\"https:\/\/urbexbay.com\/fr\/#organization\"},\"potentialAction\":[{\"@type\":\"SearchAction\",\"target\":{\"@type\":\"EntryPoint\",\"urlTemplate\":\"https:\/\/urbexbay.com\/fr\/?s={search_term_string}\"},\"query-input\":{\"@type\":\"PropertyValueSpecification\",\"valueRequired\":true,\"valueName\":\"search_term_string\"}}],\"inLanguage\":\"fr-FR\"},{\"@type\":\"Organization\",\"@id\":\"https:\/\/urbexbay.com\/fr\/#organization\",\"name\":\"Urbex Bay\",\"url\":\"https:\/\/urbexbay.com\/fr\/\",\"logo\":{\"@type\":\"ImageObject\",\"inLanguage\":\"fr-FR\",\"@id\":\"https:\/\/urbexbay.com\/fr\/#\/schema\/logo\/image\/\",\"url\":\"https:\/\/urbexbay.com\/wp-content\/uploads\/2022\/04\/ub-bill-logo.png\",\"contentUrl\":\"https:\/\/urbexbay.com\/wp-content\/uploads\/2022\/04\/ub-bill-logo.png\",\"width\":593,\"height\":140,\"caption\":\"Urbex Bay\"},\"image\":{\"@id\":\"https:\/\/urbexbay.com\/fr\/#\/schema\/logo\/image\/\"},\"sameAs\":[\"https:\/\/www.facebook.com\/urbexbay\/\",\"https:\/\/www.instagram.com\/urbex_bay\/\"]}]}<\/script>\n<!-- \/ Yoast SEO plugin. -->","yoast_head_json":{"title":"Garage Kruger - UrbexBay\u2122","description":"Garage Kruger est un spot urbex regular situ\u00e9 en Provence-Alpes-C\u00f4te d&#039;Azur, France. Vous voulez l&#039;explorer? Obtenez-le d\u00e8s maintenant sur urbexbay.com 2.99\u20ac.","robots":{"index":"index","follow":"follow","max-snippet":"max-snippet:-1","max-image-preview":"max-image-preview:large","max-video-preview":"max-video-preview:-1"},"canonical":"https:\/\/urbexbay.com\/fr\/product\/garage-kruger\/","og_locale":"fr_FR","og_type":"article","og_title":"Garage Kruger - UrbexBay\u2122","og_description":"Garage Kruger est un spot urbex regular situ\u00e9 en Provence-Alpes-C\u00f4te d&#039;Azur, France. Vous voulez l&#039;explorer? Obtenez-le d\u00e8s maintenant sur urbexbay.com 2.99\u20ac.","og_url":"https:\/\/urbexbay.com\/fr\/product\/garage-kruger\/","og_site_name":"UrbexBay\u2122","article_publisher":"https:\/\/www.facebook.com\/urbexbay\/","article_modified_time":"2022-05-28T09:47:36+00:00","og_image":[{"width":1200,"height":1280,"url":"https:\/\/urbexbay.com\/wp-content\/uploads\/2022\/04\/Krugeer-Garage.jpg","type":"image\/jpeg"}],"twitter_card":"summary_large_image","schema":{"@context":"https:\/\/schema.org","@graph":[{"@type":"WebPage","@id":"https:\/\/urbexbay.com\/fr\/product\/garage-kruger\/","url":"https:\/\/urbexbay.com\/fr\/product\/garage-kruger\/","name":"Garage Kruger - UrbexBay\u2122","isPartOf":{"@id":"https:\/\/urbexbay.com\/fr\/#website"},"primaryImageOfPage":{"@id":"https:\/\/urbexbay.com\/fr\/product\/garage-kruger\/#primaryimage"},"image":{"@id":"https:\/\/urbexbay.com\/fr\/product\/garage-kruger\/#primaryimage"},"thumbnailUrl":"https:\/\/urbexbay.com\/wp-content\/uploads\/2022\/04\/Krugeer-Garage.jpg","datePublished":"2022-04-20T20:18:09+00:00","dateModified":"2022-05-28T09:47:36+00:00","description":"Garage Kruger est un spot urbex regular situ\u00e9 en Provence-Alpes-C\u00f4te d&#039;Azur, France. Vous voulez l&#039;explorer? Obtenez-le d\u00e8s maintenant sur urbexbay.com 2.99\u20ac.","breadcrumb":{"@id":"https:\/\/urbexbay.com\/fr\/product\/garage-kruger\/#breadcrumb"},"inLanguage":"fr-FR","potentialAction":[{"@type":"ReadAction","target":["https:\/\/urbexbay.com\/fr\/product\/garage-kruger\/"]}]},{"@type":"ImageObject","inLanguage":"fr-FR","@id":"https:\/\/urbexbay.com\/fr\/product\/garage-kruger\/#primaryimage","url":"https:\/\/urbexbay.com\/wp-content\/uploads\/2022\/04\/Krugeer-Garage.jpg","contentUrl":"https:\/\/urbexbay.com\/wp-content\/uploads\/2022\/04\/Krugeer-Garage.jpg","width":1200,"height":1280,"caption":"Krugeer Garage"},{"@type":"BreadcrumbList","@id":"https:\/\/urbexbay.com\/fr\/product\/garage-kruger\/#breadcrumb","itemListElement":[{"@type":"ListItem","position":1,"name":"Home","item":"https:\/\/urbexbay.com\/fr\/"},{"@type":"ListItem","position":2,"name":"Explore","item":"https:\/\/urbexbay.com\/explore\/"},{"@type":"ListItem","position":3,"name":"Garage Kruger"}]},{"@type":"WebSite","@id":"https:\/\/urbexbay.com\/fr\/#website","url":"https:\/\/urbexbay.com\/fr\/","name":"UrbexBay\u2122","description":"Coordonn\u00e9es de spots Urbex","publisher":{"@id":"https:\/\/urbexbay.com\/fr\/#organization"},"potentialAction":[{"@type":"SearchAction","target":{"@type":"EntryPoint","urlTemplate":"https:\/\/urbexbay.com\/fr\/?s={search_term_string}"},"query-input":{"@type":"PropertyValueSpecification","valueRequired":true,"valueName":"search_term_string"}}],"inLanguage":"fr-FR"},{"@type":"Organization","@id":"https:\/\/urbexbay.com\/fr\/#organization","name":"Urbex Bay","url":"https:\/\/urbexbay.com\/fr\/","logo":{"@type":"ImageObject","inLanguage":"fr-FR","@id":"https:\/\/urbexbay.com\/fr\/#\/schema\/logo\/image\/","url":"https:\/\/urbexbay.com\/wp-content\/uploads\/2022\/04\/ub-bill-logo.png","contentUrl":"https:\/\/urbexbay.com\/wp-content\/uploads\/2022\/04\/ub-bill-logo.png","width":593,"height":140,"caption":"Urbex Bay"},"image":{"@id":"https:\/\/urbexbay.com\/fr\/#\/schema\/logo\/image\/"},"sameAs":["https:\/\/www.facebook.com\/urbexbay\/","https:\/\/www.instagram.com\/urbex_bay\/"]}]}},"_links":{"self":[{"href":"https:\/\/urbexbay.com\/fr\/wp-json\/wp\/v2\/product\/9669","targetHints":{"allow":["GET"]}}],"collection":[{"href":"https:\/\/urbexbay.com\/fr\/wp-json\/wp\/v2\/product"}],"about":[{"href":"https:\/\/urbexbay.com\/fr\/wp-json\/wp\/v2\/types\/product"}],"replies":[{"embeddable":true,"href":"https:\/\/urbexbay.com\/fr\/wp-json\/wp\/v2\/comments?post=9669"}],"wp:featuredmedia":[{"embeddable":true,"href":"https:\/\/urbexbay.com\/fr\/wp-json\/wp\/v2\/media\/9151"}],"wp:attachment":[{"href":"https:\/\/urbexbay.com\/fr\/wp-json\/wp\/v2\/media?parent=9669"}],"wp:term":[{"taxonomy":"product_brand","embeddable":true,"href":"https:\/\/urbexbay.com\/fr\/wp-json\/wp\/v2\/product_brand?post=9669"},{"taxonomy":"product_cat","embeddable":true,"href":"https:\/\/urbexbay.com\/fr\/wp-json\/wp\/v2\/product_cat?post=9669"},{"taxonomy":"product_tag","embeddable":true,"href":"https:\/\/urbexbay.com\/fr\/wp-json\/wp\/v2\/product_tag?post=9669"}],"curies":[{"name":"wp","href":"https:\/\/api.w.org\/{rel}","templated":true}]}}