{"id":22732,"date":"2022-05-01T00:54:17","date_gmt":"2022-04-30T22:54:17","guid":{"rendered":"https:\/\/urbexbay.com\/spot\/locations\/non%20class\u00e9\/tornay-solvay-castle\/"},"modified":"2022-05-28T11:50:25","modified_gmt":"2022-05-28T09:50:25","slug":"le-chateau-de-tornay-solvay","status":"publish","type":"product","link":"https:\/\/urbexbay.com\/fr\/product\/le-chateau-de-tornay-solvay\/","title":{"rendered":"Le ch\u00e2teau de Tornay Solvay"},"content":{"rendered":"","protected":false},"excerpt":{"rendered":"<p> [&#8230;]<\/p>\n<p><a class=\"btn btn-1 understrap-read-more-link\" href=\"https:\/\/urbexbay.com\/fr\/product\/le-chateau-de-tornay-solvay\/\">Lire la suite&#8230;<\/a><\/p>\n","protected":false},"featured_media":20240,"comment_status":"closed","ping_status":"closed","template":"","meta":[],"product_brand":[],"product_cat":[315,1007],"product_tag":[233,234,243,244],"class_list":{"0":"post-22732","1":"product","2":"type-product","3":"status-publish","4":"has-post-thumbnail","6":"product_cat-belgique","7":"product_cat-bruxelles","8":"product_tag-bestforphotos-fr","9":"product_tag-bestforvideos-fr","10":"product_tag-historique","11":"product_tag-instagramable-fr","12":"types-chateaux","13":"types-fortifications-fr","14":"badges-regular","15":"badges-regular-fr","17":"first","18":"instock","19":"sold-individually","20":"shipping-taxable","21":"purchasable","22":"product-type-spot"},"yoast_head":"<!-- This site is optimized with the Yoast SEO plugin v24.7 - https:\/\/yoast.com\/wordpress\/plugins\/seo\/ -->\n<title>Le ch\u00e2teau de Tornay Solvay - UrbexBay\u2122<\/title>\n<meta name=\"description\" content=\"Le ch\u00e2teau de Tornay Solvay est un spot urbex regular situ\u00e9 en Bruxelles, Belgique. Vous voulez l&#039;explorer? Obtenez-le d\u00e8s maintenant sur urbexbay.com 2.99\u20ac.\" \/>\n<meta name=\"robots\" content=\"index, follow, max-snippet:-1, max-image-preview:large, max-video-preview:-1\" \/>\n<link rel=\"canonical\" href=\"https:\/\/urbexbay.com\/fr\/product\/le-chateau-de-tornay-solvay\/\" \/>\n<meta property=\"og:locale\" content=\"fr_FR\" \/>\n<meta property=\"og:type\" content=\"article\" \/>\n<meta property=\"og:title\" content=\"Le ch\u00e2teau de Tornay Solvay - UrbexBay\u2122\" \/>\n<meta property=\"og:description\" content=\"Le ch\u00e2teau de Tornay Solvay est un spot urbex regular situ\u00e9 en Bruxelles, Belgique. Vous voulez l&#039;explorer? Obtenez-le d\u00e8s maintenant sur urbexbay.com 2.99\u20ac.\" \/>\n<meta property=\"og:url\" content=\"https:\/\/urbexbay.com\/fr\/product\/le-chateau-de-tornay-solvay\/\" \/>\n<meta property=\"og:site_name\" content=\"UrbexBay\u2122\" \/>\n<meta property=\"article:publisher\" content=\"https:\/\/www.facebook.com\/urbexbay\/\" \/>\n<meta property=\"article:modified_time\" content=\"2022-05-28T09:50:25+00:00\" \/>\n<meta property=\"og:image\" content=\"https:\/\/urbexbay.com\/wp-content\/uploads\/2022\/05\/Tornay-Solvay-Castle.jpg\" \/>\n\t<meta property=\"og:image:width\" content=\"1200\" \/>\n\t<meta property=\"og:image:height\" content=\"1280\" \/>\n\t<meta property=\"og:image:type\" content=\"image\/jpeg\" \/>\n<meta name=\"twitter:card\" content=\"summary_large_image\" \/>\n<script type=\"application\/ld+json\" class=\"yoast-schema-graph\">{\"@context\":\"https:\/\/schema.org\",\"@graph\":[{\"@type\":\"WebPage\",\"@id\":\"https:\/\/urbexbay.com\/fr\/product\/le-chateau-de-tornay-solvay\/\",\"url\":\"https:\/\/urbexbay.com\/fr\/product\/le-chateau-de-tornay-solvay\/\",\"name\":\"Le ch\u00e2teau de Tornay Solvay - UrbexBay\u2122\",\"isPartOf\":{\"@id\":\"https:\/\/urbexbay.com\/fr\/#website\"},\"primaryImageOfPage\":{\"@id\":\"https:\/\/urbexbay.com\/fr\/product\/le-chateau-de-tornay-solvay\/#primaryimage\"},\"image\":{\"@id\":\"https:\/\/urbexbay.com\/fr\/product\/le-chateau-de-tornay-solvay\/#primaryimage\"},\"thumbnailUrl\":\"https:\/\/urbexbay.com\/wp-content\/uploads\/2022\/05\/Tornay-Solvay-Castle.jpg\",\"datePublished\":\"2022-04-30T22:54:17+00:00\",\"dateModified\":\"2022-05-28T09:50:25+00:00\",\"description\":\"Le ch\u00e2teau de Tornay Solvay est un spot urbex regular situ\u00e9 en Bruxelles, Belgique. Vous voulez l&#039;explorer? Obtenez-le d\u00e8s maintenant sur urbexbay.com 2.99\u20ac.\",\"breadcrumb\":{\"@id\":\"https:\/\/urbexbay.com\/fr\/product\/le-chateau-de-tornay-solvay\/#breadcrumb\"},\"inLanguage\":\"fr-FR\",\"potentialAction\":[{\"@type\":\"ReadAction\",\"target\":[\"https:\/\/urbexbay.com\/fr\/product\/le-chateau-de-tornay-solvay\/\"]}]},{\"@type\":\"ImageObject\",\"inLanguage\":\"fr-FR\",\"@id\":\"https:\/\/urbexbay.com\/fr\/product\/le-chateau-de-tornay-solvay\/#primaryimage\",\"url\":\"https:\/\/urbexbay.com\/wp-content\/uploads\/2022\/05\/Tornay-Solvay-Castle.jpg\",\"contentUrl\":\"https:\/\/urbexbay.com\/wp-content\/uploads\/2022\/05\/Tornay-Solvay-Castle.jpg\",\"width\":1200,\"height\":1280,\"caption\":\"Tornay Solvay Castle\"},{\"@type\":\"BreadcrumbList\",\"@id\":\"https:\/\/urbexbay.com\/fr\/product\/le-chateau-de-tornay-solvay\/#breadcrumb\",\"itemListElement\":[{\"@type\":\"ListItem\",\"position\":1,\"name\":\"Home\",\"item\":\"https:\/\/urbexbay.com\/fr\/\"},{\"@type\":\"ListItem\",\"position\":2,\"name\":\"Explore\",\"item\":\"https:\/\/urbexbay.com\/explore\/\"},{\"@type\":\"ListItem\",\"position\":3,\"name\":\"Le ch\u00e2teau de Tornay Solvay\"}]},{\"@type\":\"WebSite\",\"@id\":\"https:\/\/urbexbay.com\/fr\/#website\",\"url\":\"https:\/\/urbexbay.com\/fr\/\",\"name\":\"UrbexBay\u2122\",\"description\":\"Coordonn\u00e9es de spots Urbex\",\"publisher\":{\"@id\":\"https:\/\/urbexbay.com\/fr\/#organization\"},\"potentialAction\":[{\"@type\":\"SearchAction\",\"target\":{\"@type\":\"EntryPoint\",\"urlTemplate\":\"https:\/\/urbexbay.com\/fr\/?s={search_term_string}\"},\"query-input\":{\"@type\":\"PropertyValueSpecification\",\"valueRequired\":true,\"valueName\":\"search_term_string\"}}],\"inLanguage\":\"fr-FR\"},{\"@type\":\"Organization\",\"@id\":\"https:\/\/urbexbay.com\/fr\/#organization\",\"name\":\"Urbex Bay\",\"url\":\"https:\/\/urbexbay.com\/fr\/\",\"logo\":{\"@type\":\"ImageObject\",\"inLanguage\":\"fr-FR\",\"@id\":\"https:\/\/urbexbay.com\/fr\/#\/schema\/logo\/image\/\",\"url\":\"https:\/\/urbexbay.com\/wp-content\/uploads\/2022\/04\/ub-bill-logo.png\",\"contentUrl\":\"https:\/\/urbexbay.com\/wp-content\/uploads\/2022\/04\/ub-bill-logo.png\",\"width\":593,\"height\":140,\"caption\":\"Urbex Bay\"},\"image\":{\"@id\":\"https:\/\/urbexbay.com\/fr\/#\/schema\/logo\/image\/\"},\"sameAs\":[\"https:\/\/www.facebook.com\/urbexbay\/\",\"https:\/\/www.instagram.com\/urbex_bay\/\"]}]}<\/script>\n<!-- \/ Yoast SEO plugin. -->","yoast_head_json":{"title":"Le ch\u00e2teau de Tornay Solvay - UrbexBay\u2122","description":"Le ch\u00e2teau de Tornay Solvay est un spot urbex regular situ\u00e9 en Bruxelles, Belgique. Vous voulez l&#039;explorer? Obtenez-le d\u00e8s maintenant sur urbexbay.com 2.99\u20ac.","robots":{"index":"index","follow":"follow","max-snippet":"max-snippet:-1","max-image-preview":"max-image-preview:large","max-video-preview":"max-video-preview:-1"},"canonical":"https:\/\/urbexbay.com\/fr\/product\/le-chateau-de-tornay-solvay\/","og_locale":"fr_FR","og_type":"article","og_title":"Le ch\u00e2teau de Tornay Solvay - UrbexBay\u2122","og_description":"Le ch\u00e2teau de Tornay Solvay est un spot urbex regular situ\u00e9 en Bruxelles, Belgique. Vous voulez l&#039;explorer? Obtenez-le d\u00e8s maintenant sur urbexbay.com 2.99\u20ac.","og_url":"https:\/\/urbexbay.com\/fr\/product\/le-chateau-de-tornay-solvay\/","og_site_name":"UrbexBay\u2122","article_publisher":"https:\/\/www.facebook.com\/urbexbay\/","article_modified_time":"2022-05-28T09:50:25+00:00","og_image":[{"width":1200,"height":1280,"url":"https:\/\/urbexbay.com\/wp-content\/uploads\/2022\/05\/Tornay-Solvay-Castle.jpg","type":"image\/jpeg"}],"twitter_card":"summary_large_image","schema":{"@context":"https:\/\/schema.org","@graph":[{"@type":"WebPage","@id":"https:\/\/urbexbay.com\/fr\/product\/le-chateau-de-tornay-solvay\/","url":"https:\/\/urbexbay.com\/fr\/product\/le-chateau-de-tornay-solvay\/","name":"Le ch\u00e2teau de Tornay Solvay - UrbexBay\u2122","isPartOf":{"@id":"https:\/\/urbexbay.com\/fr\/#website"},"primaryImageOfPage":{"@id":"https:\/\/urbexbay.com\/fr\/product\/le-chateau-de-tornay-solvay\/#primaryimage"},"image":{"@id":"https:\/\/urbexbay.com\/fr\/product\/le-chateau-de-tornay-solvay\/#primaryimage"},"thumbnailUrl":"https:\/\/urbexbay.com\/wp-content\/uploads\/2022\/05\/Tornay-Solvay-Castle.jpg","datePublished":"2022-04-30T22:54:17+00:00","dateModified":"2022-05-28T09:50:25+00:00","description":"Le ch\u00e2teau de Tornay Solvay est un spot urbex regular situ\u00e9 en Bruxelles, Belgique. Vous voulez l&#039;explorer? Obtenez-le d\u00e8s maintenant sur urbexbay.com 2.99\u20ac.","breadcrumb":{"@id":"https:\/\/urbexbay.com\/fr\/product\/le-chateau-de-tornay-solvay\/#breadcrumb"},"inLanguage":"fr-FR","potentialAction":[{"@type":"ReadAction","target":["https:\/\/urbexbay.com\/fr\/product\/le-chateau-de-tornay-solvay\/"]}]},{"@type":"ImageObject","inLanguage":"fr-FR","@id":"https:\/\/urbexbay.com\/fr\/product\/le-chateau-de-tornay-solvay\/#primaryimage","url":"https:\/\/urbexbay.com\/wp-content\/uploads\/2022\/05\/Tornay-Solvay-Castle.jpg","contentUrl":"https:\/\/urbexbay.com\/wp-content\/uploads\/2022\/05\/Tornay-Solvay-Castle.jpg","width":1200,"height":1280,"caption":"Tornay Solvay Castle"},{"@type":"BreadcrumbList","@id":"https:\/\/urbexbay.com\/fr\/product\/le-chateau-de-tornay-solvay\/#breadcrumb","itemListElement":[{"@type":"ListItem","position":1,"name":"Home","item":"https:\/\/urbexbay.com\/fr\/"},{"@type":"ListItem","position":2,"name":"Explore","item":"https:\/\/urbexbay.com\/explore\/"},{"@type":"ListItem","position":3,"name":"Le ch\u00e2teau de Tornay Solvay"}]},{"@type":"WebSite","@id":"https:\/\/urbexbay.com\/fr\/#website","url":"https:\/\/urbexbay.com\/fr\/","name":"UrbexBay\u2122","description":"Coordonn\u00e9es de spots Urbex","publisher":{"@id":"https:\/\/urbexbay.com\/fr\/#organization"},"potentialAction":[{"@type":"SearchAction","target":{"@type":"EntryPoint","urlTemplate":"https:\/\/urbexbay.com\/fr\/?s={search_term_string}"},"query-input":{"@type":"PropertyValueSpecification","valueRequired":true,"valueName":"search_term_string"}}],"inLanguage":"fr-FR"},{"@type":"Organization","@id":"https:\/\/urbexbay.com\/fr\/#organization","name":"Urbex Bay","url":"https:\/\/urbexbay.com\/fr\/","logo":{"@type":"ImageObject","inLanguage":"fr-FR","@id":"https:\/\/urbexbay.com\/fr\/#\/schema\/logo\/image\/","url":"https:\/\/urbexbay.com\/wp-content\/uploads\/2022\/04\/ub-bill-logo.png","contentUrl":"https:\/\/urbexbay.com\/wp-content\/uploads\/2022\/04\/ub-bill-logo.png","width":593,"height":140,"caption":"Urbex Bay"},"image":{"@id":"https:\/\/urbexbay.com\/fr\/#\/schema\/logo\/image\/"},"sameAs":["https:\/\/www.facebook.com\/urbexbay\/","https:\/\/www.instagram.com\/urbex_bay\/"]}]}},"_links":{"self":[{"href":"https:\/\/urbexbay.com\/fr\/wp-json\/wp\/v2\/product\/22732","targetHints":{"allow":["GET"]}}],"collection":[{"href":"https:\/\/urbexbay.com\/fr\/wp-json\/wp\/v2\/product"}],"about":[{"href":"https:\/\/urbexbay.com\/fr\/wp-json\/wp\/v2\/types\/product"}],"replies":[{"embeddable":true,"href":"https:\/\/urbexbay.com\/fr\/wp-json\/wp\/v2\/comments?post=22732"}],"wp:featuredmedia":[{"embeddable":true,"href":"https:\/\/urbexbay.com\/fr\/wp-json\/wp\/v2\/media\/20240"}],"wp:attachment":[{"href":"https:\/\/urbexbay.com\/fr\/wp-json\/wp\/v2\/media?parent=22732"}],"wp:term":[{"taxonomy":"product_brand","embeddable":true,"href":"https:\/\/urbexbay.com\/fr\/wp-json\/wp\/v2\/product_brand?post=22732"},{"taxonomy":"product_cat","embeddable":true,"href":"https:\/\/urbexbay.com\/fr\/wp-json\/wp\/v2\/product_cat?post=22732"},{"taxonomy":"product_tag","embeddable":true,"href":"https:\/\/urbexbay.com\/fr\/wp-json\/wp\/v2\/product_tag?post=22732"}],"curies":[{"name":"wp","href":"https:\/\/api.w.org\/{rel}","templated":true}]}}