{"id":2385,"date":"2022-04-14T21:06:15","date_gmt":"2022-04-14T19:06:15","guid":{"rendered":"https:\/\/urbexbay.com\/urbexbay-explorer\/"},"modified":"2022-05-28T15:16:07","modified_gmt":"2022-05-28T13:16:07","slug":"urbexbay-exclusive","status":"publish","type":"page","link":"https:\/\/urbexbay.com\/fr\/urbexbay-exclusive\/","title":{"rendered":"UrbexBay Exclusive"},"content":{"rendered":"<p>Tous nos \u00ab\u00a0exclusive spots\u00a0\u00bb ont \u00e9t\u00e9 v\u00e9rifi\u00e9s par notre personnel ou par nos partenaires. Les coordonn\u00e9es de ces spots sont exactes et conviennent bien aux explorateurs confirm\u00e9s.<\/p>\n<p>Si un spot v\u00e9rifi\u00e9 n&rsquo;existe plus, nous vous donnerons deux autres emplacements de votre choix<br \/>\ndisponible sur notre site internet.<\/p>\n<p>Un spot exclusif est peut-\u00eatre plus beau qu&rsquo;un spot v\u00e9rifi\u00e9 mais l&rsquo;exploration est plus difficile.<\/p>\n<p>Veuillez lire le <a href=\"https:\/\/urbexbay.com\/fr\/securite\/\"><strong>guide de s\u00e9curit\u00e9<\/strong><\/a> avant d&rsquo;explorer un spot Urbex\u00a0! Votre s\u00e9curit\u00e9 est notre premi\u00e8re pr\u00e9occupation.<\/p>\n","protected":false},"excerpt":{"rendered":"<p>Tous nos \u00ab\u00a0exclusive spots\u00a0\u00bb ont \u00e9t\u00e9 v\u00e9rifi\u00e9s par notre personnel ou par nos partenaires. Les coordonn\u00e9es de ces spots sont [&#8230;]<\/p>\n<p><a class=\"btn btn-1 understrap-read-more-link\" href=\"https:\/\/urbexbay.com\/fr\/urbexbay-exclusive\/\">Lire la suite&#8230;<\/a><\/p>\n","protected":false},"author":1,"featured_media":0,"parent":0,"menu_order":0,"comment_status":"closed","ping_status":"closed","template":"page-templates\/small-container.php","meta":{"footnotes":""},"class_list":["post-2385","page","type-page","status-publish","hentry"],"yoast_head":"<!-- This site is optimized with the Yoast SEO plugin v24.7 - https:\/\/yoast.com\/wordpress\/plugins\/seo\/ -->\n<title>UrbexBay Exclusive - UrbexBay\u2122<\/title>\n<meta name=\"description\" content=\"Tous nos &quot;exclusive spots&quot; ont \u00e9t\u00e9 v\u00e9rifi\u00e9s par notre personnel ou par nos partenaires. Les coordonn\u00e9es de ces spots sont exactes et conviennent bien aux explorateurs confirm\u00e9s.  Si un spot v\u00e9rifi\u00e9 n&#039;existe plus, nous vous donnerons deux autres emplacements de votre choix disponible sur notre site internet.  Un spot exclusif est peut-\u00eatre plus beau qu&#039;un spot v\u00e9rifi\u00e9 mais l&#039;exploration est plus difficile.  Veuillez lire le guide de s\u00e9curit\u00e9 avant d&#039;explorer un spot Urbex\u00a0! Votre s\u00e9curit\u00e9 est notre premi\u00e8re pr\u00e9occupation.\" \/>\n<meta name=\"robots\" content=\"index, follow, max-snippet:-1, max-image-preview:large, max-video-preview:-1\" \/>\n<link rel=\"canonical\" href=\"https:\/\/urbexbay.com\/fr\/urbexbay-exclusive\/\" \/>\n<meta property=\"og:locale\" content=\"fr_FR\" \/>\n<meta property=\"og:type\" content=\"article\" \/>\n<meta property=\"og:title\" content=\"UrbexBay Exclusive - UrbexBay\u2122\" \/>\n<meta property=\"og:description\" content=\"Tous nos &quot;exclusive spots&quot; ont \u00e9t\u00e9 v\u00e9rifi\u00e9s par notre personnel ou par nos partenaires. Les coordonn\u00e9es de ces spots sont exactes et conviennent bien aux explorateurs confirm\u00e9s.  Si un spot v\u00e9rifi\u00e9 n&#039;existe plus, nous vous donnerons deux autres emplacements de votre choix disponible sur notre site internet.  Un spot exclusif est peut-\u00eatre plus beau qu&#039;un spot v\u00e9rifi\u00e9 mais l&#039;exploration est plus difficile.  Veuillez lire le guide de s\u00e9curit\u00e9 avant d&#039;explorer un spot Urbex\u00a0! Votre s\u00e9curit\u00e9 est notre premi\u00e8re pr\u00e9occupation.\" \/>\n<meta property=\"og:url\" content=\"https:\/\/urbexbay.com\/fr\/urbexbay-exclusive\/\" \/>\n<meta property=\"og:site_name\" content=\"UrbexBay\u2122\" \/>\n<meta property=\"article:publisher\" content=\"https:\/\/www.facebook.com\/urbexbay\/\" \/>\n<meta property=\"article:modified_time\" content=\"2022-05-28T13:16:07+00:00\" \/>\n<meta name=\"twitter:card\" content=\"summary_large_image\" \/>\n<script type=\"application\/ld+json\" class=\"yoast-schema-graph\">{\"@context\":\"https:\/\/schema.org\",\"@graph\":[{\"@type\":\"WebPage\",\"@id\":\"https:\/\/urbexbay.com\/fr\/urbexbay-exclusive\/\",\"url\":\"https:\/\/urbexbay.com\/fr\/urbexbay-exclusive\/\",\"name\":\"UrbexBay Exclusive - UrbexBay\u2122\",\"isPartOf\":{\"@id\":\"https:\/\/urbexbay.com\/fr\/#website\"},\"datePublished\":\"2022-04-14T19:06:15+00:00\",\"dateModified\":\"2022-05-28T13:16:07+00:00\",\"description\":\"Tous nos \\\"exclusive spots\\\" ont \u00e9t\u00e9 v\u00e9rifi\u00e9s par notre personnel ou par nos partenaires. Les coordonn\u00e9es de ces spots sont exactes et conviennent bien aux explorateurs confirm\u00e9s. Si un spot v\u00e9rifi\u00e9 n'existe plus, nous vous donnerons deux autres emplacements de votre choix disponible sur notre site internet. Un spot exclusif est peut-\u00eatre plus beau qu'un spot v\u00e9rifi\u00e9 mais l'exploration est plus difficile. Veuillez lire le guide de s\u00e9curit\u00e9 avant d'explorer un spot Urbex\u00a0! Votre s\u00e9curit\u00e9 est notre premi\u00e8re pr\u00e9occupation.\",\"breadcrumb\":{\"@id\":\"https:\/\/urbexbay.com\/fr\/urbexbay-exclusive\/#breadcrumb\"},\"inLanguage\":\"fr-FR\",\"potentialAction\":[{\"@type\":\"ReadAction\",\"target\":[\"https:\/\/urbexbay.com\/fr\/urbexbay-exclusive\/\"]}]},{\"@type\":\"BreadcrumbList\",\"@id\":\"https:\/\/urbexbay.com\/fr\/urbexbay-exclusive\/#breadcrumb\",\"itemListElement\":[{\"@type\":\"ListItem\",\"position\":1,\"name\":\"Home\",\"item\":\"https:\/\/urbexbay.com\/fr\/\"},{\"@type\":\"ListItem\",\"position\":2,\"name\":\"UrbexBay Exclusive\"}]},{\"@type\":\"WebSite\",\"@id\":\"https:\/\/urbexbay.com\/fr\/#website\",\"url\":\"https:\/\/urbexbay.com\/fr\/\",\"name\":\"UrbexBay\u2122\",\"description\":\"Coordonn\u00e9es de spots Urbex\",\"publisher\":{\"@id\":\"https:\/\/urbexbay.com\/fr\/#organization\"},\"potentialAction\":[{\"@type\":\"SearchAction\",\"target\":{\"@type\":\"EntryPoint\",\"urlTemplate\":\"https:\/\/urbexbay.com\/fr\/?s={search_term_string}\"},\"query-input\":{\"@type\":\"PropertyValueSpecification\",\"valueRequired\":true,\"valueName\":\"search_term_string\"}}],\"inLanguage\":\"fr-FR\"},{\"@type\":\"Organization\",\"@id\":\"https:\/\/urbexbay.com\/fr\/#organization\",\"name\":\"Urbex Bay\",\"url\":\"https:\/\/urbexbay.com\/fr\/\",\"logo\":{\"@type\":\"ImageObject\",\"inLanguage\":\"fr-FR\",\"@id\":\"https:\/\/urbexbay.com\/fr\/#\/schema\/logo\/image\/\",\"url\":\"https:\/\/urbexbay.com\/wp-content\/uploads\/2022\/04\/ub-bill-logo.png\",\"contentUrl\":\"https:\/\/urbexbay.com\/wp-content\/uploads\/2022\/04\/ub-bill-logo.png\",\"width\":593,\"height\":140,\"caption\":\"Urbex Bay\"},\"image\":{\"@id\":\"https:\/\/urbexbay.com\/fr\/#\/schema\/logo\/image\/\"},\"sameAs\":[\"https:\/\/www.facebook.com\/urbexbay\/\",\"https:\/\/www.instagram.com\/urbex_bay\/\"]}]}<\/script>\n<!-- \/ Yoast SEO plugin. -->","yoast_head_json":{"title":"UrbexBay Exclusive - UrbexBay\u2122","description":"Tous nos \"exclusive spots\" ont \u00e9t\u00e9 v\u00e9rifi\u00e9s par notre personnel ou par nos partenaires. Les coordonn\u00e9es de ces spots sont exactes et conviennent bien aux explorateurs confirm\u00e9s.  Si un spot v\u00e9rifi\u00e9 n'existe plus, nous vous donnerons deux autres emplacements de votre choix disponible sur notre site internet.  Un spot exclusif est peut-\u00eatre plus beau qu'un spot v\u00e9rifi\u00e9 mais l'exploration est plus difficile.  Veuillez lire le guide de s\u00e9curit\u00e9 avant d'explorer un spot Urbex\u00a0! Votre s\u00e9curit\u00e9 est notre premi\u00e8re pr\u00e9occupation.","robots":{"index":"index","follow":"follow","max-snippet":"max-snippet:-1","max-image-preview":"max-image-preview:large","max-video-preview":"max-video-preview:-1"},"canonical":"https:\/\/urbexbay.com\/fr\/urbexbay-exclusive\/","og_locale":"fr_FR","og_type":"article","og_title":"UrbexBay Exclusive - UrbexBay\u2122","og_description":"Tous nos \"exclusive spots\" ont \u00e9t\u00e9 v\u00e9rifi\u00e9s par notre personnel ou par nos partenaires. Les coordonn\u00e9es de ces spots sont exactes et conviennent bien aux explorateurs confirm\u00e9s.  Si un spot v\u00e9rifi\u00e9 n'existe plus, nous vous donnerons deux autres emplacements de votre choix disponible sur notre site internet.  Un spot exclusif est peut-\u00eatre plus beau qu'un spot v\u00e9rifi\u00e9 mais l'exploration est plus difficile.  Veuillez lire le guide de s\u00e9curit\u00e9 avant d'explorer un spot Urbex\u00a0! Votre s\u00e9curit\u00e9 est notre premi\u00e8re pr\u00e9occupation.","og_url":"https:\/\/urbexbay.com\/fr\/urbexbay-exclusive\/","og_site_name":"UrbexBay\u2122","article_publisher":"https:\/\/www.facebook.com\/urbexbay\/","article_modified_time":"2022-05-28T13:16:07+00:00","twitter_card":"summary_large_image","schema":{"@context":"https:\/\/schema.org","@graph":[{"@type":"WebPage","@id":"https:\/\/urbexbay.com\/fr\/urbexbay-exclusive\/","url":"https:\/\/urbexbay.com\/fr\/urbexbay-exclusive\/","name":"UrbexBay Exclusive - UrbexBay\u2122","isPartOf":{"@id":"https:\/\/urbexbay.com\/fr\/#website"},"datePublished":"2022-04-14T19:06:15+00:00","dateModified":"2022-05-28T13:16:07+00:00","description":"Tous nos \"exclusive spots\" ont \u00e9t\u00e9 v\u00e9rifi\u00e9s par notre personnel ou par nos partenaires. Les coordonn\u00e9es de ces spots sont exactes et conviennent bien aux explorateurs confirm\u00e9s. Si un spot v\u00e9rifi\u00e9 n'existe plus, nous vous donnerons deux autres emplacements de votre choix disponible sur notre site internet. Un spot exclusif est peut-\u00eatre plus beau qu'un spot v\u00e9rifi\u00e9 mais l'exploration est plus difficile. Veuillez lire le guide de s\u00e9curit\u00e9 avant d'explorer un spot Urbex\u00a0! Votre s\u00e9curit\u00e9 est notre premi\u00e8re pr\u00e9occupation.","breadcrumb":{"@id":"https:\/\/urbexbay.com\/fr\/urbexbay-exclusive\/#breadcrumb"},"inLanguage":"fr-FR","potentialAction":[{"@type":"ReadAction","target":["https:\/\/urbexbay.com\/fr\/urbexbay-exclusive\/"]}]},{"@type":"BreadcrumbList","@id":"https:\/\/urbexbay.com\/fr\/urbexbay-exclusive\/#breadcrumb","itemListElement":[{"@type":"ListItem","position":1,"name":"Home","item":"https:\/\/urbexbay.com\/fr\/"},{"@type":"ListItem","position":2,"name":"UrbexBay Exclusive"}]},{"@type":"WebSite","@id":"https:\/\/urbexbay.com\/fr\/#website","url":"https:\/\/urbexbay.com\/fr\/","name":"UrbexBay\u2122","description":"Coordonn\u00e9es de spots Urbex","publisher":{"@id":"https:\/\/urbexbay.com\/fr\/#organization"},"potentialAction":[{"@type":"SearchAction","target":{"@type":"EntryPoint","urlTemplate":"https:\/\/urbexbay.com\/fr\/?s={search_term_string}"},"query-input":{"@type":"PropertyValueSpecification","valueRequired":true,"valueName":"search_term_string"}}],"inLanguage":"fr-FR"},{"@type":"Organization","@id":"https:\/\/urbexbay.com\/fr\/#organization","name":"Urbex Bay","url":"https:\/\/urbexbay.com\/fr\/","logo":{"@type":"ImageObject","inLanguage":"fr-FR","@id":"https:\/\/urbexbay.com\/fr\/#\/schema\/logo\/image\/","url":"https:\/\/urbexbay.com\/wp-content\/uploads\/2022\/04\/ub-bill-logo.png","contentUrl":"https:\/\/urbexbay.com\/wp-content\/uploads\/2022\/04\/ub-bill-logo.png","width":593,"height":140,"caption":"Urbex Bay"},"image":{"@id":"https:\/\/urbexbay.com\/fr\/#\/schema\/logo\/image\/"},"sameAs":["https:\/\/www.facebook.com\/urbexbay\/","https:\/\/www.instagram.com\/urbex_bay\/"]}]}},"_links":{"self":[{"href":"https:\/\/urbexbay.com\/fr\/wp-json\/wp\/v2\/pages\/2385","targetHints":{"allow":["GET"]}}],"collection":[{"href":"https:\/\/urbexbay.com\/fr\/wp-json\/wp\/v2\/pages"}],"about":[{"href":"https:\/\/urbexbay.com\/fr\/wp-json\/wp\/v2\/types\/page"}],"author":[{"embeddable":true,"href":"https:\/\/urbexbay.com\/fr\/wp-json\/wp\/v2\/users\/1"}],"replies":[{"embeddable":true,"href":"https:\/\/urbexbay.com\/fr\/wp-json\/wp\/v2\/comments?post=2385"}],"version-history":[{"count":0,"href":"https:\/\/urbexbay.com\/fr\/wp-json\/wp\/v2\/pages\/2385\/revisions"}],"wp:attachment":[{"href":"https:\/\/urbexbay.com\/fr\/wp-json\/wp\/v2\/media?parent=2385"}],"curies":[{"name":"wp","href":"https:\/\/api.w.org\/{rel}","templated":true}]}}