{"id":2365,"date":"2022-04-14T19:05:04","date_gmt":"2022-04-14T17:05:04","guid":{"rendered":"https:\/\/urbexbay.com\/comment-fonctionne-urbexbay\/"},"modified":"2023-04-15T10:31:25","modified_gmt":"2023-04-15T08:31:25","slug":"comment-ca-marche","status":"publish","type":"page","link":"https:\/\/urbexbay.com\/fr\/comment-ca-marche\/","title":{"rendered":"Comment \u00e7a marche"},"content":{"rendered":"<p>Bienvenue sur UrbexBay, votre destination de choix pour trouver des lieux uniques et passionnants \u00e0 explorer. Notre site Web offre une vaste base de donn\u00e9es de coordonn\u00e9es d&rsquo;urbex mises \u00e0 jour chaque semaine, garantissant que vous avez toujours acc\u00e8s aux emplacements les plus r\u00e9cents et les plus int\u00e9ressants.<\/p>\n<p>Voici comment cela fonctionne : cr\u00e9ez simplement un compte sur notre site Web et achetez les coordonn\u00e9es qui vous int\u00e9ressent. Vous les trouverez facilement sous la section \u00ab\u00a0Mes Spots\u00a0\u00bb de votre compte, pr\u00eates \u00e0 \u00eatre explor\u00e9es.<\/p>\n<p>Chez UrbexBay, nous comprenons que les lieux d&rsquo;urbex peuvent \u00eatre dynamiques et peuvent changer au fil du temps. C&rsquo;est pourquoi nous proposons un programme d&rsquo;\u00e9change unique. Si la propri\u00e9t\u00e9 des coordonn\u00e9es que vous avez achet\u00e9es est r\u00e9nov\u00e9e ou n&rsquo;existe plus, nous vous donnerons deux autres emplacements d&rsquo;une valeur \u00e9gale ou sup\u00e9rieure en \u00e9change, et nous retirerons l&#8217;emplacement inexistant de notre site.<\/p>\n<p>Mais ce n&rsquo;est pas tout. Si vous explorez un lieu que vous avez achet\u00e9 chez nous et que vous nous envoyez des photos et des vid\u00e9os de qualit\u00e9 de votre exp\u00e9rience, nous vous offrirons des coordonn\u00e9es suppl\u00e9mentaires en \u00e9change. Nous cherchons toujours \u00e0 \u00e9largir notre base de donn\u00e9es avec des lieux nouveaux et passionnants, et nous appr\u00e9cions votre aide pour y parvenir.<\/p>\n<p>Alors, qu&rsquo;attendez-vous ? Inscrivez-vous sur UrbexBay d\u00e8s aujourd&rsquo;hui et commencez \u00e0 explorer les tr\u00e9sors urbains cach\u00e9s du monde.<\/p>\n","protected":false},"excerpt":{"rendered":"<p>Bienvenue sur UrbexBay, votre destination de choix pour trouver des lieux uniques et passionnants \u00e0 explorer. Notre site Web offre [&#8230;]<\/p>\n<p><a class=\"btn btn-1 understrap-read-more-link\" href=\"https:\/\/urbexbay.com\/fr\/comment-ca-marche\/\">Lire la suite&#8230;<\/a><\/p>\n","protected":false},"author":1,"featured_media":0,"parent":0,"menu_order":0,"comment_status":"closed","ping_status":"closed","template":"","meta":{"footnotes":""},"class_list":["post-2365","page","type-page","status-publish","hentry"],"yoast_head":"<!-- This site is optimized with the Yoast SEO plugin v24.7 - https:\/\/yoast.com\/wordpress\/plugins\/seo\/ -->\n<title>Comment \u00e7a marche - UrbexBay\u2122<\/title>\n<meta name=\"description\" content=\"D\u00e9couvrez les lieux urbains les plus incroyables avec UrbexBay. Nous mettons \u00e0 jour notre base de donn\u00e9es chaque semaine pour vous offrir le meilleur en termes de coordonn\u00e9es urbex. Explorez d\u00e8s maintenant !\" \/>\n<meta name=\"robots\" content=\"index, follow, max-snippet:-1, max-image-preview:large, max-video-preview:-1\" \/>\n<link rel=\"canonical\" href=\"https:\/\/urbexbay.com\/fr\/comment-ca-marche\/\" \/>\n<meta property=\"og:locale\" content=\"fr_FR\" \/>\n<meta property=\"og:type\" content=\"article\" \/>\n<meta property=\"og:title\" content=\"Comment \u00e7a marche - UrbexBay\u2122\" \/>\n<meta property=\"og:description\" content=\"D\u00e9couvrez les lieux urbains les plus incroyables avec UrbexBay. Nous mettons \u00e0 jour notre base de donn\u00e9es chaque semaine pour vous offrir le meilleur en termes de coordonn\u00e9es urbex. Explorez d\u00e8s maintenant !\" \/>\n<meta property=\"og:url\" content=\"https:\/\/urbexbay.com\/fr\/comment-ca-marche\/\" \/>\n<meta property=\"og:site_name\" content=\"UrbexBay\u2122\" \/>\n<meta property=\"article:publisher\" content=\"https:\/\/www.facebook.com\/urbexbay\/\" \/>\n<meta property=\"article:modified_time\" content=\"2023-04-15T08:31:25+00:00\" \/>\n<meta name=\"twitter:card\" content=\"summary_large_image\" \/>\n<meta name=\"twitter:label1\" content=\"Dur\u00e9e de lecture estim\u00e9e\" \/>\n\t<meta name=\"twitter:data1\" content=\"1 minute\" \/>\n<script type=\"application\/ld+json\" class=\"yoast-schema-graph\">{\"@context\":\"https:\/\/schema.org\",\"@graph\":[{\"@type\":\"WebPage\",\"@id\":\"https:\/\/urbexbay.com\/fr\/comment-ca-marche\/\",\"url\":\"https:\/\/urbexbay.com\/fr\/comment-ca-marche\/\",\"name\":\"Comment \u00e7a marche - UrbexBay\u2122\",\"isPartOf\":{\"@id\":\"https:\/\/urbexbay.com\/fr\/#website\"},\"datePublished\":\"2022-04-14T17:05:04+00:00\",\"dateModified\":\"2023-04-15T08:31:25+00:00\",\"description\":\"D\u00e9couvrez les lieux urbains les plus incroyables avec UrbexBay. Nous mettons \u00e0 jour notre base de donn\u00e9es chaque semaine pour vous offrir le meilleur en termes de coordonn\u00e9es urbex. Explorez d\u00e8s maintenant !\",\"breadcrumb\":{\"@id\":\"https:\/\/urbexbay.com\/fr\/comment-ca-marche\/#breadcrumb\"},\"inLanguage\":\"fr-FR\",\"potentialAction\":[{\"@type\":\"ReadAction\",\"target\":[\"https:\/\/urbexbay.com\/fr\/comment-ca-marche\/\"]}]},{\"@type\":\"BreadcrumbList\",\"@id\":\"https:\/\/urbexbay.com\/fr\/comment-ca-marche\/#breadcrumb\",\"itemListElement\":[{\"@type\":\"ListItem\",\"position\":1,\"name\":\"Home\",\"item\":\"https:\/\/urbexbay.com\/fr\/\"},{\"@type\":\"ListItem\",\"position\":2,\"name\":\"Comment \u00e7a marche\"}]},{\"@type\":\"WebSite\",\"@id\":\"https:\/\/urbexbay.com\/fr\/#website\",\"url\":\"https:\/\/urbexbay.com\/fr\/\",\"name\":\"UrbexBay\u2122\",\"description\":\"Coordonn\u00e9es de spots Urbex\",\"publisher\":{\"@id\":\"https:\/\/urbexbay.com\/fr\/#organization\"},\"potentialAction\":[{\"@type\":\"SearchAction\",\"target\":{\"@type\":\"EntryPoint\",\"urlTemplate\":\"https:\/\/urbexbay.com\/fr\/?s={search_term_string}\"},\"query-input\":{\"@type\":\"PropertyValueSpecification\",\"valueRequired\":true,\"valueName\":\"search_term_string\"}}],\"inLanguage\":\"fr-FR\"},{\"@type\":\"Organization\",\"@id\":\"https:\/\/urbexbay.com\/fr\/#organization\",\"name\":\"Urbex Bay\",\"url\":\"https:\/\/urbexbay.com\/fr\/\",\"logo\":{\"@type\":\"ImageObject\",\"inLanguage\":\"fr-FR\",\"@id\":\"https:\/\/urbexbay.com\/fr\/#\/schema\/logo\/image\/\",\"url\":\"https:\/\/urbexbay.com\/wp-content\/uploads\/2022\/04\/ub-bill-logo.png\",\"contentUrl\":\"https:\/\/urbexbay.com\/wp-content\/uploads\/2022\/04\/ub-bill-logo.png\",\"width\":593,\"height\":140,\"caption\":\"Urbex Bay\"},\"image\":{\"@id\":\"https:\/\/urbexbay.com\/fr\/#\/schema\/logo\/image\/\"},\"sameAs\":[\"https:\/\/www.facebook.com\/urbexbay\/\",\"https:\/\/www.instagram.com\/urbex_bay\/\"]}]}<\/script>\n<!-- \/ Yoast SEO plugin. -->","yoast_head_json":{"title":"Comment \u00e7a marche - UrbexBay\u2122","description":"D\u00e9couvrez les lieux urbains les plus incroyables avec UrbexBay. Nous mettons \u00e0 jour notre base de donn\u00e9es chaque semaine pour vous offrir le meilleur en termes de coordonn\u00e9es urbex. Explorez d\u00e8s maintenant !","robots":{"index":"index","follow":"follow","max-snippet":"max-snippet:-1","max-image-preview":"max-image-preview:large","max-video-preview":"max-video-preview:-1"},"canonical":"https:\/\/urbexbay.com\/fr\/comment-ca-marche\/","og_locale":"fr_FR","og_type":"article","og_title":"Comment \u00e7a marche - UrbexBay\u2122","og_description":"D\u00e9couvrez les lieux urbains les plus incroyables avec UrbexBay. Nous mettons \u00e0 jour notre base de donn\u00e9es chaque semaine pour vous offrir le meilleur en termes de coordonn\u00e9es urbex. Explorez d\u00e8s maintenant !","og_url":"https:\/\/urbexbay.com\/fr\/comment-ca-marche\/","og_site_name":"UrbexBay\u2122","article_publisher":"https:\/\/www.facebook.com\/urbexbay\/","article_modified_time":"2023-04-15T08:31:25+00:00","twitter_card":"summary_large_image","twitter_misc":{"Dur\u00e9e de lecture estim\u00e9e":"1 minute"},"schema":{"@context":"https:\/\/schema.org","@graph":[{"@type":"WebPage","@id":"https:\/\/urbexbay.com\/fr\/comment-ca-marche\/","url":"https:\/\/urbexbay.com\/fr\/comment-ca-marche\/","name":"Comment \u00e7a marche - UrbexBay\u2122","isPartOf":{"@id":"https:\/\/urbexbay.com\/fr\/#website"},"datePublished":"2022-04-14T17:05:04+00:00","dateModified":"2023-04-15T08:31:25+00:00","description":"D\u00e9couvrez les lieux urbains les plus incroyables avec UrbexBay. Nous mettons \u00e0 jour notre base de donn\u00e9es chaque semaine pour vous offrir le meilleur en termes de coordonn\u00e9es urbex. Explorez d\u00e8s maintenant !","breadcrumb":{"@id":"https:\/\/urbexbay.com\/fr\/comment-ca-marche\/#breadcrumb"},"inLanguage":"fr-FR","potentialAction":[{"@type":"ReadAction","target":["https:\/\/urbexbay.com\/fr\/comment-ca-marche\/"]}]},{"@type":"BreadcrumbList","@id":"https:\/\/urbexbay.com\/fr\/comment-ca-marche\/#breadcrumb","itemListElement":[{"@type":"ListItem","position":1,"name":"Home","item":"https:\/\/urbexbay.com\/fr\/"},{"@type":"ListItem","position":2,"name":"Comment \u00e7a marche"}]},{"@type":"WebSite","@id":"https:\/\/urbexbay.com\/fr\/#website","url":"https:\/\/urbexbay.com\/fr\/","name":"UrbexBay\u2122","description":"Coordonn\u00e9es de spots Urbex","publisher":{"@id":"https:\/\/urbexbay.com\/fr\/#organization"},"potentialAction":[{"@type":"SearchAction","target":{"@type":"EntryPoint","urlTemplate":"https:\/\/urbexbay.com\/fr\/?s={search_term_string}"},"query-input":{"@type":"PropertyValueSpecification","valueRequired":true,"valueName":"search_term_string"}}],"inLanguage":"fr-FR"},{"@type":"Organization","@id":"https:\/\/urbexbay.com\/fr\/#organization","name":"Urbex Bay","url":"https:\/\/urbexbay.com\/fr\/","logo":{"@type":"ImageObject","inLanguage":"fr-FR","@id":"https:\/\/urbexbay.com\/fr\/#\/schema\/logo\/image\/","url":"https:\/\/urbexbay.com\/wp-content\/uploads\/2022\/04\/ub-bill-logo.png","contentUrl":"https:\/\/urbexbay.com\/wp-content\/uploads\/2022\/04\/ub-bill-logo.png","width":593,"height":140,"caption":"Urbex Bay"},"image":{"@id":"https:\/\/urbexbay.com\/fr\/#\/schema\/logo\/image\/"},"sameAs":["https:\/\/www.facebook.com\/urbexbay\/","https:\/\/www.instagram.com\/urbex_bay\/"]}]}},"_links":{"self":[{"href":"https:\/\/urbexbay.com\/fr\/wp-json\/wp\/v2\/pages\/2365","targetHints":{"allow":["GET"]}}],"collection":[{"href":"https:\/\/urbexbay.com\/fr\/wp-json\/wp\/v2\/pages"}],"about":[{"href":"https:\/\/urbexbay.com\/fr\/wp-json\/wp\/v2\/types\/page"}],"author":[{"embeddable":true,"href":"https:\/\/urbexbay.com\/fr\/wp-json\/wp\/v2\/users\/1"}],"replies":[{"embeddable":true,"href":"https:\/\/urbexbay.com\/fr\/wp-json\/wp\/v2\/comments?post=2365"}],"version-history":[{"count":1,"href":"https:\/\/urbexbay.com\/fr\/wp-json\/wp\/v2\/pages\/2365\/revisions"}],"predecessor-version":[{"id":26448,"href":"https:\/\/urbexbay.com\/fr\/wp-json\/wp\/v2\/pages\/2365\/revisions\/26448"}],"wp:attachment":[{"href":"https:\/\/urbexbay.com\/fr\/wp-json\/wp\/v2\/media?parent=2365"}],"curies":[{"name":"wp","href":"https:\/\/api.w.org\/{rel}","templated":true}]}}