{"id":2348,"date":"2022-04-14T18:51:51","date_gmt":"2022-04-14T16:51:51","guid":{"rendered":"https:\/\/urbexbay.com\/politique-de-remboursement\/"},"modified":"2022-05-28T19:41:36","modified_gmt":"2022-05-28T17:41:36","slug":"politique-de-remboursement","status":"publish","type":"page","link":"https:\/\/urbexbay.com\/fr\/politique-de-remboursement\/","title":{"rendered":"Politique de remboursement"},"content":{"rendered":"<p>Merci d&rsquo;avoir fait appel \u00e0 aux services d&rsquo;UrbexBay.<\/p><p>Si, pour une raison quelconque, vous n&rsquo;\u00eates pas enti\u00e8rement satisfait d&rsquo;un service. Nous vous invitons \u00e0 consulter notre politique de remboursement. Les conditions suivantes s&rsquo;appliquent \u00e0 tous les produits que vous avez achet\u00e9s avec nous.<\/p><h2 class=\"wp-block-heading\">Interpr\u00e9tation et d\u00e9finitions<\/h2><h3 class=\"wp-block-heading\"><strong>Interpr\u00e9tation<\/strong><\/h3><p>Les mots dont la lettre initiale est en majuscule ont des significations d\u00e9finies dans les conditions suivantes. Les d\u00e9finitions suivantes auront la m\u00eame signification, qu&rsquo;elles apparaissent au singulier ou au pluriel.<\/p><h3 class=\"wp-block-heading\"><strong>D\u00e9finitions<\/strong><\/h3><p>Pour cette politique de retour et de remboursement\u00a0:<\/p><ul class=\"wp-block-list\"><li><strong>Soci\u00e9t\u00e9<\/strong>\u00a0(ci-apr\u00e8s d\u00e9nomm\u00e9e\u00a0\u00bb\u00a0<strong>UrbexBay<\/strong><strong> <\/strong>\u00ab\u00a0, \u00ab\u00a0Nous\u00a0\u00bb, \u00ab\u00a0Notre\u00a0\u00bb ou \u00ab\u00a0Notre\u00a0\u00bb dans le pr\u00e9sent Contrat)<\/li><li><strong>Commandes<\/strong> signifient une demande par Vous achetez des coordonn\u00e9es GPS.<\/li><li><strong>Service<\/strong>\u00a0fait r\u00e9f\u00e9rence au site Web.<\/li><li><strong>Site Web<\/strong>\u00a0fait r\u00e9f\u00e9rence \u00e0 notre Site, accessible depuis\u00a0<a href=\"https:\/\/urbexbay.com\/fr\/\">https:\/\/urbexbay.com\/<\/a><\/li><li><strong>Vous<\/strong> signifie la personne acc\u00e9dant ou utilisant le Service, ou la soci\u00e9t\u00e9 ou toute autre entit\u00e9 juridique au nom de laquelle cette personne acc\u00e8de ou utilise le Service, selon le cas.<\/li><\/ul><h3 class=\"wp-block-heading\">Vos droits d&rsquo;annulation de commande<\/h3><p>UrbexBay proc\u00e8de au remboursement en cas d&rsquo;annulation de sa Commande. Le remboursement sera fourni sous forme de code de coupon qui sera du m\u00eame montant que l&rsquo;ennemi pay\u00e9 utilisant notre service.<\/p><p>Lorsque votre remboursement est approuv\u00e9, un code de coupon vous sera fourni. Le code Coupon sera automatiquement lib\u00e9r\u00e9. Le client re\u00e7oit le code coupon par e-mail. Cela \u00e9vite \u00e0 l&rsquo;entreprise de prendre du temps pour demander un code de coupon et permet aux membres d&rsquo;obtenir rapidement un code de coupon. La valeur du code coupon sera la m\u00eame que celle pay\u00e9e par l&rsquo;utilisateur lors de la commande.<\/p><h3 class=\"wp-block-heading\"><strong>Contactez-nous<\/strong><\/h3><p>Si vous avez des questions sur notre politique de remboursement, contactez-nous \u00e0;<\/p><ul class=\"wp-block-list\"><li>Email: contact[@]urbexbay.com<\/li><\/ul>","protected":false},"excerpt":{"rendered":"<p>Merci d&rsquo;avoir fait appel \u00e0 aux services d&rsquo;UrbexBay. Si, pour une raison quelconque, vous n&rsquo;\u00eates pas enti\u00e8rement satisfait d&rsquo;un service. [&#8230;]<\/p>\n<p><a class=\"btn btn-1 understrap-read-more-link\" href=\"https:\/\/urbexbay.com\/fr\/politique-de-remboursement\/\">Lire la suite&#8230;<\/a><\/p>\n","protected":false},"author":1,"featured_media":0,"parent":0,"menu_order":0,"comment_status":"closed","ping_status":"closed","template":"","meta":{"footnotes":""},"class_list":["post-2348","page","type-page","status-publish","hentry"],"yoast_head":"<!-- This site is optimized with the Yoast SEO plugin v24.7 - https:\/\/yoast.com\/wordpress\/plugins\/seo\/ -->\n<title>Politique de remboursement - UrbexBay\u2122<\/title>\n<meta name=\"description\" content=\"Merci d&#039;avoir fait appel \u00e0 aux services d&#039;UrbexBay. Si, pour une raison quelconque, vous n&#039;\u00eates pas enti\u00e8rement satisfait d&#039;un service. Nous vous invitons \u00e0 consulter notre politique de remboursement. Les conditions suivantes s&#039;appliquent \u00e0 tous les produits que vous avez achet\u00e9s avec nous. Interpr\u00e9tation et d\u00e9finitions Interpr\u00e9tation Les mots dont la lettre initiale est en majuscule ont des significations d\u00e9finies dans les conditions suivantes. Les d\u00e9finitions suivantes auront la m\u00eame signification, qu&#039;elles apparaissent au singulier ou au pluriel. D\u00e9finitions Pour cette politique de retour et de remboursement\u00a0: Soci\u00e9t\u00e9\u00a0(ci-apr\u00e8s d\u00e9nomm\u00e9e&quot;\u00a0UrbexBay &quot;, &quot;Nous&quot;, &quot;Notre&quot; ou &quot;Notre&quot; dans le pr\u00e9sent Contrat)Commandes signifient une demande par Vous achetez des coordonn\u00e9es GPS.Service\u00a0fait r\u00e9f\u00e9rence au site Web.Site Web\u00a0fait r\u00e9f\u00e9rence \u00e0 notre Site, accessible depuis\u00a0https:\/\/urbexbay.com\/Vous signifie la personne acc\u00e9dant ou utilisant le Service, ou la soci\u00e9t\u00e9 ou toute autre entit\u00e9 juridique au nom de laquelle cette personne acc\u00e8de ou utilise le Service, selon le cas. Vos droits d&#039;annulation de commande UrbexBay proc\u00e8de au remboursement en cas d&#039;annulation de sa Commande. Le remboursement sera fourni sous forme de code de coupon qui sera du m\u00eame montant que l&#039;ennemi pay\u00e9 utilisant notre service. Lorsque votre remboursement est approuv\u00e9, un code de coupon vous sera fourni. Le code Coupon sera automatiquement lib\u00e9r\u00e9. Le client re\u00e7oit le code coupon par e-mail. Cela \u00e9vite \u00e0 l&#039;entreprise de prendre du temps pour demander un code de coupon et permet aux membres d&#039;obtenir rapidement un code de coupon. La valeur du code coupon sera la m\u00eame que celle pay\u00e9e par l&#039;utilisateur lors de la commande. Contactez-nous Si vous avez des questions sur notre politique de remboursement, contactez-nous \u00e0; Email: contacturbexbay.com\" \/>\n<meta name=\"robots\" content=\"index, follow, max-snippet:-1, max-image-preview:large, max-video-preview:-1\" \/>\n<link rel=\"canonical\" href=\"https:\/\/urbexbay.com\/fr\/politique-de-remboursement\/\" \/>\n<meta property=\"og:locale\" content=\"fr_FR\" \/>\n<meta property=\"og:type\" content=\"article\" \/>\n<meta property=\"og:title\" content=\"Politique de remboursement - UrbexBay\u2122\" \/>\n<meta property=\"og:description\" content=\"Merci d&#039;avoir fait appel \u00e0 aux services d&#039;UrbexBay. Si, pour une raison quelconque, vous n&#039;\u00eates pas enti\u00e8rement satisfait d&#039;un service. Nous vous invitons \u00e0 consulter notre politique de remboursement. Les conditions suivantes s&#039;appliquent \u00e0 tous les produits que vous avez achet\u00e9s avec nous. Interpr\u00e9tation et d\u00e9finitions Interpr\u00e9tation Les mots dont la lettre initiale est en majuscule ont des significations d\u00e9finies dans les conditions suivantes. Les d\u00e9finitions suivantes auront la m\u00eame signification, qu&#039;elles apparaissent au singulier ou au pluriel. D\u00e9finitions Pour cette politique de retour et de remboursement\u00a0: Soci\u00e9t\u00e9\u00a0(ci-apr\u00e8s d\u00e9nomm\u00e9e&quot;\u00a0UrbexBay &quot;, &quot;Nous&quot;, &quot;Notre&quot; ou &quot;Notre&quot; dans le pr\u00e9sent Contrat)Commandes signifient une demande par Vous achetez des coordonn\u00e9es GPS.Service\u00a0fait r\u00e9f\u00e9rence au site Web.Site Web\u00a0fait r\u00e9f\u00e9rence \u00e0 notre Site, accessible depuis\u00a0https:\/\/urbexbay.com\/Vous signifie la personne acc\u00e9dant ou utilisant le Service, ou la soci\u00e9t\u00e9 ou toute autre entit\u00e9 juridique au nom de laquelle cette personne acc\u00e8de ou utilise le Service, selon le cas. Vos droits d&#039;annulation de commande UrbexBay proc\u00e8de au remboursement en cas d&#039;annulation de sa Commande. Le remboursement sera fourni sous forme de code de coupon qui sera du m\u00eame montant que l&#039;ennemi pay\u00e9 utilisant notre service. Lorsque votre remboursement est approuv\u00e9, un code de coupon vous sera fourni. Le code Coupon sera automatiquement lib\u00e9r\u00e9. Le client re\u00e7oit le code coupon par e-mail. Cela \u00e9vite \u00e0 l&#039;entreprise de prendre du temps pour demander un code de coupon et permet aux membres d&#039;obtenir rapidement un code de coupon. La valeur du code coupon sera la m\u00eame que celle pay\u00e9e par l&#039;utilisateur lors de la commande. Contactez-nous Si vous avez des questions sur notre politique de remboursement, contactez-nous \u00e0; Email: contacturbexbay.com\" \/>\n<meta property=\"og:url\" content=\"https:\/\/urbexbay.com\/fr\/politique-de-remboursement\/\" \/>\n<meta property=\"og:site_name\" content=\"UrbexBay\u2122\" \/>\n<meta property=\"article:publisher\" content=\"https:\/\/www.facebook.com\/urbexbay\/\" \/>\n<meta property=\"article:modified_time\" content=\"2022-05-28T17:41:36+00:00\" \/>\n<meta name=\"twitter:card\" content=\"summary_large_image\" \/>\n<meta name=\"twitter:label1\" content=\"Dur\u00e9e de lecture estim\u00e9e\" \/>\n\t<meta name=\"twitter:data1\" content=\"2 minutes\" \/>\n<script type=\"application\/ld+json\" class=\"yoast-schema-graph\">{\"@context\":\"https:\/\/schema.org\",\"@graph\":[{\"@type\":\"WebPage\",\"@id\":\"https:\/\/urbexbay.com\/fr\/politique-de-remboursement\/\",\"url\":\"https:\/\/urbexbay.com\/fr\/politique-de-remboursement\/\",\"name\":\"Politique de remboursement - UrbexBay\u2122\",\"isPartOf\":{\"@id\":\"https:\/\/urbexbay.com\/fr\/#website\"},\"datePublished\":\"2022-04-14T16:51:51+00:00\",\"dateModified\":\"2022-05-28T17:41:36+00:00\",\"description\":\"Merci d'avoir fait appel \u00e0 aux services d'UrbexBay. Si, pour une raison quelconque, vous n'\u00eates pas enti\u00e8rement satisfait d'un service. Nous vous invitons \u00e0 consulter notre politique de remboursement. Les conditions suivantes s'appliquent \u00e0 tous les produits que vous avez achet\u00e9s avec nous. Interpr\u00e9tation et d\u00e9finitions Interpr\u00e9tation Les mots dont la lettre initiale est en majuscule ont des significations d\u00e9finies dans les conditions suivantes. Les d\u00e9finitions suivantes auront la m\u00eame signification, qu'elles apparaissent au singulier ou au pluriel. D\u00e9finitions Pour cette politique de retour et de remboursement\u00a0: Soci\u00e9t\u00e9\u00a0(ci-apr\u00e8s d\u00e9nomm\u00e9e\\\"\u00a0UrbexBay \\\", \\\"Nous\\\", \\\"Notre\\\" ou \\\"Notre\\\" dans le pr\u00e9sent Contrat)Commandes signifient une demande par Vous achetez des coordonn\u00e9es GPS.Service\u00a0fait r\u00e9f\u00e9rence au site Web.Site Web\u00a0fait r\u00e9f\u00e9rence \u00e0 notre Site, accessible depuis\u00a0https:\/\/urbexbay.com\/Vous signifie la personne acc\u00e9dant ou utilisant le Service, ou la soci\u00e9t\u00e9 ou toute autre entit\u00e9 juridique au nom de laquelle cette personne acc\u00e8de ou utilise le Service, selon le cas. Vos droits d'annulation de commande UrbexBay proc\u00e8de au remboursement en cas d'annulation de sa Commande. Le remboursement sera fourni sous forme de code de coupon qui sera du m\u00eame montant que l'ennemi pay\u00e9 utilisant notre service. Lorsque votre remboursement est approuv\u00e9, un code de coupon vous sera fourni. Le code Coupon sera automatiquement lib\u00e9r\u00e9. Le client re\u00e7oit le code coupon par e-mail. Cela \u00e9vite \u00e0 l'entreprise de prendre du temps pour demander un code de coupon et permet aux membres d'obtenir rapidement un code de coupon. La valeur du code coupon sera la m\u00eame que celle pay\u00e9e par l'utilisateur lors de la commande. Contactez-nous Si vous avez des questions sur notre politique de remboursement, contactez-nous \u00e0; Email: contacturbexbay.com\",\"breadcrumb\":{\"@id\":\"https:\/\/urbexbay.com\/fr\/politique-de-remboursement\/#breadcrumb\"},\"inLanguage\":\"fr-FR\",\"potentialAction\":[{\"@type\":\"ReadAction\",\"target\":[\"https:\/\/urbexbay.com\/fr\/politique-de-remboursement\/\"]}]},{\"@type\":\"BreadcrumbList\",\"@id\":\"https:\/\/urbexbay.com\/fr\/politique-de-remboursement\/#breadcrumb\",\"itemListElement\":[{\"@type\":\"ListItem\",\"position\":1,\"name\":\"Home\",\"item\":\"https:\/\/urbexbay.com\/fr\/\"},{\"@type\":\"ListItem\",\"position\":2,\"name\":\"Politique de remboursement\"}]},{\"@type\":\"WebSite\",\"@id\":\"https:\/\/urbexbay.com\/fr\/#website\",\"url\":\"https:\/\/urbexbay.com\/fr\/\",\"name\":\"UrbexBay\u2122\",\"description\":\"Coordonn\u00e9es de spots Urbex\",\"publisher\":{\"@id\":\"https:\/\/urbexbay.com\/fr\/#organization\"},\"potentialAction\":[{\"@type\":\"SearchAction\",\"target\":{\"@type\":\"EntryPoint\",\"urlTemplate\":\"https:\/\/urbexbay.com\/fr\/?s={search_term_string}\"},\"query-input\":{\"@type\":\"PropertyValueSpecification\",\"valueRequired\":true,\"valueName\":\"search_term_string\"}}],\"inLanguage\":\"fr-FR\"},{\"@type\":\"Organization\",\"@id\":\"https:\/\/urbexbay.com\/fr\/#organization\",\"name\":\"Urbex Bay\",\"url\":\"https:\/\/urbexbay.com\/fr\/\",\"logo\":{\"@type\":\"ImageObject\",\"inLanguage\":\"fr-FR\",\"@id\":\"https:\/\/urbexbay.com\/fr\/#\/schema\/logo\/image\/\",\"url\":\"https:\/\/urbexbay.com\/wp-content\/uploads\/2022\/04\/ub-bill-logo.png\",\"contentUrl\":\"https:\/\/urbexbay.com\/wp-content\/uploads\/2022\/04\/ub-bill-logo.png\",\"width\":593,\"height\":140,\"caption\":\"Urbex Bay\"},\"image\":{\"@id\":\"https:\/\/urbexbay.com\/fr\/#\/schema\/logo\/image\/\"},\"sameAs\":[\"https:\/\/www.facebook.com\/urbexbay\/\",\"https:\/\/www.instagram.com\/urbex_bay\/\"]}]}<\/script>\n<!-- \/ Yoast SEO plugin. -->","yoast_head_json":{"title":"Politique de remboursement - UrbexBay\u2122","description":"Merci d'avoir fait appel \u00e0 aux services d'UrbexBay. Si, pour une raison quelconque, vous n'\u00eates pas enti\u00e8rement satisfait d'un service. Nous vous invitons \u00e0 consulter notre politique de remboursement. Les conditions suivantes s'appliquent \u00e0 tous les produits que vous avez achet\u00e9s avec nous. Interpr\u00e9tation et d\u00e9finitions Interpr\u00e9tation Les mots dont la lettre initiale est en majuscule ont des significations d\u00e9finies dans les conditions suivantes. Les d\u00e9finitions suivantes auront la m\u00eame signification, qu'elles apparaissent au singulier ou au pluriel. D\u00e9finitions Pour cette politique de retour et de remboursement\u00a0: Soci\u00e9t\u00e9\u00a0(ci-apr\u00e8s d\u00e9nomm\u00e9e\"\u00a0UrbexBay \", \"Nous\", \"Notre\" ou \"Notre\" dans le pr\u00e9sent Contrat)Commandes signifient une demande par Vous achetez des coordonn\u00e9es GPS.Service\u00a0fait r\u00e9f\u00e9rence au site Web.Site Web\u00a0fait r\u00e9f\u00e9rence \u00e0 notre Site, accessible depuis\u00a0https:\/\/urbexbay.com\/Vous signifie la personne acc\u00e9dant ou utilisant le Service, ou la soci\u00e9t\u00e9 ou toute autre entit\u00e9 juridique au nom de laquelle cette personne acc\u00e8de ou utilise le Service, selon le cas. Vos droits d'annulation de commande UrbexBay proc\u00e8de au remboursement en cas d'annulation de sa Commande. Le remboursement sera fourni sous forme de code de coupon qui sera du m\u00eame montant que l'ennemi pay\u00e9 utilisant notre service. Lorsque votre remboursement est approuv\u00e9, un code de coupon vous sera fourni. Le code Coupon sera automatiquement lib\u00e9r\u00e9. Le client re\u00e7oit le code coupon par e-mail. Cela \u00e9vite \u00e0 l'entreprise de prendre du temps pour demander un code de coupon et permet aux membres d'obtenir rapidement un code de coupon. La valeur du code coupon sera la m\u00eame que celle pay\u00e9e par l'utilisateur lors de la commande. Contactez-nous Si vous avez des questions sur notre politique de remboursement, contactez-nous \u00e0; Email: contacturbexbay.com","robots":{"index":"index","follow":"follow","max-snippet":"max-snippet:-1","max-image-preview":"max-image-preview:large","max-video-preview":"max-video-preview:-1"},"canonical":"https:\/\/urbexbay.com\/fr\/politique-de-remboursement\/","og_locale":"fr_FR","og_type":"article","og_title":"Politique de remboursement - UrbexBay\u2122","og_description":"Merci d'avoir fait appel \u00e0 aux services d'UrbexBay. Si, pour une raison quelconque, vous n'\u00eates pas enti\u00e8rement satisfait d'un service. Nous vous invitons \u00e0 consulter notre politique de remboursement. Les conditions suivantes s'appliquent \u00e0 tous les produits que vous avez achet\u00e9s avec nous. Interpr\u00e9tation et d\u00e9finitions Interpr\u00e9tation Les mots dont la lettre initiale est en majuscule ont des significations d\u00e9finies dans les conditions suivantes. Les d\u00e9finitions suivantes auront la m\u00eame signification, qu'elles apparaissent au singulier ou au pluriel. D\u00e9finitions Pour cette politique de retour et de remboursement\u00a0: Soci\u00e9t\u00e9\u00a0(ci-apr\u00e8s d\u00e9nomm\u00e9e\"\u00a0UrbexBay \", \"Nous\", \"Notre\" ou \"Notre\" dans le pr\u00e9sent Contrat)Commandes signifient une demande par Vous achetez des coordonn\u00e9es GPS.Service\u00a0fait r\u00e9f\u00e9rence au site Web.Site Web\u00a0fait r\u00e9f\u00e9rence \u00e0 notre Site, accessible depuis\u00a0https:\/\/urbexbay.com\/Vous signifie la personne acc\u00e9dant ou utilisant le Service, ou la soci\u00e9t\u00e9 ou toute autre entit\u00e9 juridique au nom de laquelle cette personne acc\u00e8de ou utilise le Service, selon le cas. Vos droits d'annulation de commande UrbexBay proc\u00e8de au remboursement en cas d'annulation de sa Commande. Le remboursement sera fourni sous forme de code de coupon qui sera du m\u00eame montant que l'ennemi pay\u00e9 utilisant notre service. Lorsque votre remboursement est approuv\u00e9, un code de coupon vous sera fourni. Le code Coupon sera automatiquement lib\u00e9r\u00e9. Le client re\u00e7oit le code coupon par e-mail. Cela \u00e9vite \u00e0 l'entreprise de prendre du temps pour demander un code de coupon et permet aux membres d'obtenir rapidement un code de coupon. La valeur du code coupon sera la m\u00eame que celle pay\u00e9e par l'utilisateur lors de la commande. Contactez-nous Si vous avez des questions sur notre politique de remboursement, contactez-nous \u00e0; Email: contacturbexbay.com","og_url":"https:\/\/urbexbay.com\/fr\/politique-de-remboursement\/","og_site_name":"UrbexBay\u2122","article_publisher":"https:\/\/www.facebook.com\/urbexbay\/","article_modified_time":"2022-05-28T17:41:36+00:00","twitter_card":"summary_large_image","twitter_misc":{"Dur\u00e9e de lecture estim\u00e9e":"2 minutes"},"schema":{"@context":"https:\/\/schema.org","@graph":[{"@type":"WebPage","@id":"https:\/\/urbexbay.com\/fr\/politique-de-remboursement\/","url":"https:\/\/urbexbay.com\/fr\/politique-de-remboursement\/","name":"Politique de remboursement - UrbexBay\u2122","isPartOf":{"@id":"https:\/\/urbexbay.com\/fr\/#website"},"datePublished":"2022-04-14T16:51:51+00:00","dateModified":"2022-05-28T17:41:36+00:00","description":"Merci d'avoir fait appel \u00e0 aux services d'UrbexBay. Si, pour une raison quelconque, vous n'\u00eates pas enti\u00e8rement satisfait d'un service. Nous vous invitons \u00e0 consulter notre politique de remboursement. Les conditions suivantes s'appliquent \u00e0 tous les produits que vous avez achet\u00e9s avec nous. Interpr\u00e9tation et d\u00e9finitions Interpr\u00e9tation Les mots dont la lettre initiale est en majuscule ont des significations d\u00e9finies dans les conditions suivantes. Les d\u00e9finitions suivantes auront la m\u00eame signification, qu'elles apparaissent au singulier ou au pluriel. D\u00e9finitions Pour cette politique de retour et de remboursement\u00a0: Soci\u00e9t\u00e9\u00a0(ci-apr\u00e8s d\u00e9nomm\u00e9e\"\u00a0UrbexBay \", \"Nous\", \"Notre\" ou \"Notre\" dans le pr\u00e9sent Contrat)Commandes signifient une demande par Vous achetez des coordonn\u00e9es GPS.Service\u00a0fait r\u00e9f\u00e9rence au site Web.Site Web\u00a0fait r\u00e9f\u00e9rence \u00e0 notre Site, accessible depuis\u00a0https:\/\/urbexbay.com\/Vous signifie la personne acc\u00e9dant ou utilisant le Service, ou la soci\u00e9t\u00e9 ou toute autre entit\u00e9 juridique au nom de laquelle cette personne acc\u00e8de ou utilise le Service, selon le cas. Vos droits d'annulation de commande UrbexBay proc\u00e8de au remboursement en cas d'annulation de sa Commande. Le remboursement sera fourni sous forme de code de coupon qui sera du m\u00eame montant que l'ennemi pay\u00e9 utilisant notre service. Lorsque votre remboursement est approuv\u00e9, un code de coupon vous sera fourni. Le code Coupon sera automatiquement lib\u00e9r\u00e9. Le client re\u00e7oit le code coupon par e-mail. Cela \u00e9vite \u00e0 l'entreprise de prendre du temps pour demander un code de coupon et permet aux membres d'obtenir rapidement un code de coupon. La valeur du code coupon sera la m\u00eame que celle pay\u00e9e par l'utilisateur lors de la commande. Contactez-nous Si vous avez des questions sur notre politique de remboursement, contactez-nous \u00e0; Email: contacturbexbay.com","breadcrumb":{"@id":"https:\/\/urbexbay.com\/fr\/politique-de-remboursement\/#breadcrumb"},"inLanguage":"fr-FR","potentialAction":[{"@type":"ReadAction","target":["https:\/\/urbexbay.com\/fr\/politique-de-remboursement\/"]}]},{"@type":"BreadcrumbList","@id":"https:\/\/urbexbay.com\/fr\/politique-de-remboursement\/#breadcrumb","itemListElement":[{"@type":"ListItem","position":1,"name":"Home","item":"https:\/\/urbexbay.com\/fr\/"},{"@type":"ListItem","position":2,"name":"Politique de remboursement"}]},{"@type":"WebSite","@id":"https:\/\/urbexbay.com\/fr\/#website","url":"https:\/\/urbexbay.com\/fr\/","name":"UrbexBay\u2122","description":"Coordonn\u00e9es de spots Urbex","publisher":{"@id":"https:\/\/urbexbay.com\/fr\/#organization"},"potentialAction":[{"@type":"SearchAction","target":{"@type":"EntryPoint","urlTemplate":"https:\/\/urbexbay.com\/fr\/?s={search_term_string}"},"query-input":{"@type":"PropertyValueSpecification","valueRequired":true,"valueName":"search_term_string"}}],"inLanguage":"fr-FR"},{"@type":"Organization","@id":"https:\/\/urbexbay.com\/fr\/#organization","name":"Urbex Bay","url":"https:\/\/urbexbay.com\/fr\/","logo":{"@type":"ImageObject","inLanguage":"fr-FR","@id":"https:\/\/urbexbay.com\/fr\/#\/schema\/logo\/image\/","url":"https:\/\/urbexbay.com\/wp-content\/uploads\/2022\/04\/ub-bill-logo.png","contentUrl":"https:\/\/urbexbay.com\/wp-content\/uploads\/2022\/04\/ub-bill-logo.png","width":593,"height":140,"caption":"Urbex Bay"},"image":{"@id":"https:\/\/urbexbay.com\/fr\/#\/schema\/logo\/image\/"},"sameAs":["https:\/\/www.facebook.com\/urbexbay\/","https:\/\/www.instagram.com\/urbex_bay\/"]}]}},"_links":{"self":[{"href":"https:\/\/urbexbay.com\/fr\/wp-json\/wp\/v2\/pages\/2348","targetHints":{"allow":["GET"]}}],"collection":[{"href":"https:\/\/urbexbay.com\/fr\/wp-json\/wp\/v2\/pages"}],"about":[{"href":"https:\/\/urbexbay.com\/fr\/wp-json\/wp\/v2\/types\/page"}],"author":[{"embeddable":true,"href":"https:\/\/urbexbay.com\/fr\/wp-json\/wp\/v2\/users\/1"}],"replies":[{"embeddable":true,"href":"https:\/\/urbexbay.com\/fr\/wp-json\/wp\/v2\/comments?post=2348"}],"version-history":[{"count":0,"href":"https:\/\/urbexbay.com\/fr\/wp-json\/wp\/v2\/pages\/2348\/revisions"}],"wp:attachment":[{"href":"https:\/\/urbexbay.com\/fr\/wp-json\/wp\/v2\/media?parent=2348"}],"curies":[{"name":"wp","href":"https:\/\/api.w.org\/{rel}","templated":true}]}}