{"id":3259,"date":"2022-04-15T08:46:01","date_gmt":"2022-04-15T06:46:01","guid":{"rendered":"https:\/\/urbexbay.com\/urbexbay-explorer\/"},"modified":"2022-05-28T15:16:30","modified_gmt":"2022-05-28T13:16:30","slug":"urbexbay-exclusive","status":"publish","type":"page","link":"https:\/\/urbexbay.com\/es\/urbexbay-exclusive\/","title":{"rendered":"UrbexBay Exclusive"},"content":{"rendered":"<p>Todos nuestros \u00abexclusive spots\u00bb han sido verificados por nuestro personal o por nuestros socios. Las coordenadas de estos lugares son exactas y son ideales para exploradores experimentados.<\/p>\n<p>Si un lugar verificado ya no existe, le daremos otras dos ubicaciones de su elecci\u00f3n disponible en nuestro sitio web.<\/p>\n<p>Un lugar exclusivo es quiz\u00e1s m\u00e1s hermoso que uno verificado, pero la exploraci\u00f3n es m\u00e1s dif\u00edcil.<\/p>\n<p>\u00a1Lea la <a href=\"https:\/\/urbexbay.com\/es\/seguridad\/\"><strong>gu\u00eda de seguridad<\/strong><\/a> antes de explorar un lugar de Urbex! Su seguridad es nuestra primera preocupaci\u00f3n.<\/p>\n","protected":false},"excerpt":{"rendered":"<p>Todos nuestros \u00abexclusive spots\u00bb han sido verificados por nuestro personal o por nuestros socios. Las coordenadas de estos lugares son [&#8230;]<\/p>\n<p><a class=\"btn btn-1 understrap-read-more-link\" href=\"https:\/\/urbexbay.com\/es\/urbexbay-exclusive\/\">Leer m\u00e1s&#8230;<\/a><\/p>\n","protected":false},"author":1,"featured_media":0,"parent":0,"menu_order":0,"comment_status":"closed","ping_status":"closed","template":"page-templates\/small-container.php","meta":{"footnotes":""},"class_list":["post-3259","page","type-page","status-publish","hentry"],"yoast_head":"<!-- This site is optimized with the Yoast SEO plugin v24.7 - https:\/\/yoast.com\/wordpress\/plugins\/seo\/ -->\n<title>UrbexBay Exclusive - UrbexBay\u2122<\/title>\n<meta name=\"description\" content=\"Todos nuestros &quot;exclusive spots&quot; han sido verificados por nuestro personal o por nuestros socios. Las coordenadas de estos lugares son exactas y son ideales para exploradores experimentados.  Si un lugar verificado ya no existe, le daremos otras dos ubicaciones de su elecci\u00f3n disponible en nuestro sitio web.  Un lugar exclusivo es quiz\u00e1s m\u00e1s hermoso que uno verificado, pero la exploraci\u00f3n es m\u00e1s dif\u00edcil.  \u00a1Lea la gu\u00eda de seguridad antes de explorar un lugar de Urbex! Su seguridad es nuestra primera preocupaci\u00f3n.\" \/>\n<meta name=\"robots\" content=\"index, follow, max-snippet:-1, max-image-preview:large, max-video-preview:-1\" \/>\n<link rel=\"canonical\" href=\"https:\/\/urbexbay.com\/es\/urbexbay-exclusive\/\" \/>\n<meta property=\"og:locale\" content=\"es_ES\" \/>\n<meta property=\"og:type\" content=\"article\" \/>\n<meta property=\"og:title\" content=\"UrbexBay Exclusive - UrbexBay\u2122\" \/>\n<meta property=\"og:description\" content=\"Todos nuestros &quot;exclusive spots&quot; han sido verificados por nuestro personal o por nuestros socios. Las coordenadas de estos lugares son exactas y son ideales para exploradores experimentados.  Si un lugar verificado ya no existe, le daremos otras dos ubicaciones de su elecci\u00f3n disponible en nuestro sitio web.  Un lugar exclusivo es quiz\u00e1s m\u00e1s hermoso que uno verificado, pero la exploraci\u00f3n es m\u00e1s dif\u00edcil.  \u00a1Lea la gu\u00eda de seguridad antes de explorar un lugar de Urbex! Su seguridad es nuestra primera preocupaci\u00f3n.\" \/>\n<meta property=\"og:url\" content=\"https:\/\/urbexbay.com\/es\/urbexbay-exclusive\/\" \/>\n<meta property=\"og:site_name\" content=\"UrbexBay\u2122\" \/>\n<meta property=\"article:publisher\" content=\"https:\/\/www.facebook.com\/urbexbay\/\" \/>\n<meta property=\"article:modified_time\" content=\"2022-05-28T13:16:30+00:00\" \/>\n<meta name=\"twitter:card\" content=\"summary_large_image\" \/>\n<script type=\"application\/ld+json\" class=\"yoast-schema-graph\">{\"@context\":\"https:\/\/schema.org\",\"@graph\":[{\"@type\":\"WebPage\",\"@id\":\"https:\/\/urbexbay.com\/es\/urbexbay-exclusive\/\",\"url\":\"https:\/\/urbexbay.com\/es\/urbexbay-exclusive\/\",\"name\":\"UrbexBay Exclusive - UrbexBay\u2122\",\"isPartOf\":{\"@id\":\"https:\/\/urbexbay.com\/es\/#website\"},\"datePublished\":\"2022-04-15T06:46:01+00:00\",\"dateModified\":\"2022-05-28T13:16:30+00:00\",\"description\":\"Todos nuestros \\\"exclusive spots\\\" han sido verificados por nuestro personal o por nuestros socios. Las coordenadas de estos lugares son exactas y son ideales para exploradores experimentados. Si un lugar verificado ya no existe, le daremos otras dos ubicaciones de su elecci\u00f3n disponible en nuestro sitio web. Un lugar exclusivo es quiz\u00e1s m\u00e1s hermoso que uno verificado, pero la exploraci\u00f3n es m\u00e1s dif\u00edcil. \u00a1Lea la gu\u00eda de seguridad antes de explorar un lugar de Urbex! Su seguridad es nuestra primera preocupaci\u00f3n.\",\"breadcrumb\":{\"@id\":\"https:\/\/urbexbay.com\/es\/urbexbay-exclusive\/#breadcrumb\"},\"inLanguage\":\"es\",\"potentialAction\":[{\"@type\":\"ReadAction\",\"target\":[\"https:\/\/urbexbay.com\/es\/urbexbay-exclusive\/\"]}]},{\"@type\":\"BreadcrumbList\",\"@id\":\"https:\/\/urbexbay.com\/es\/urbexbay-exclusive\/#breadcrumb\",\"itemListElement\":[{\"@type\":\"ListItem\",\"position\":1,\"name\":\"Home\",\"item\":\"https:\/\/urbexbay.com\/es\/\"},{\"@type\":\"ListItem\",\"position\":2,\"name\":\"UrbexBay Exclusive\"}]},{\"@type\":\"WebSite\",\"@id\":\"https:\/\/urbexbay.com\/es\/#website\",\"url\":\"https:\/\/urbexbay.com\/es\/\",\"name\":\"UrbexBay\u2122\",\"description\":\"Coordenadas de Urbex\",\"publisher\":{\"@id\":\"https:\/\/urbexbay.com\/es\/#organization\"},\"potentialAction\":[{\"@type\":\"SearchAction\",\"target\":{\"@type\":\"EntryPoint\",\"urlTemplate\":\"https:\/\/urbexbay.com\/es\/?s={search_term_string}\"},\"query-input\":{\"@type\":\"PropertyValueSpecification\",\"valueRequired\":true,\"valueName\":\"search_term_string\"}}],\"inLanguage\":\"es\"},{\"@type\":\"Organization\",\"@id\":\"https:\/\/urbexbay.com\/es\/#organization\",\"name\":\"Urbex Bay\",\"url\":\"https:\/\/urbexbay.com\/es\/\",\"logo\":{\"@type\":\"ImageObject\",\"inLanguage\":\"es\",\"@id\":\"https:\/\/urbexbay.com\/es\/#\/schema\/logo\/image\/\",\"url\":\"https:\/\/urbexbay.com\/wp-content\/uploads\/2022\/04\/ub-bill-logo.png\",\"contentUrl\":\"https:\/\/urbexbay.com\/wp-content\/uploads\/2022\/04\/ub-bill-logo.png\",\"width\":593,\"height\":140,\"caption\":\"Urbex Bay\"},\"image\":{\"@id\":\"https:\/\/urbexbay.com\/es\/#\/schema\/logo\/image\/\"},\"sameAs\":[\"https:\/\/www.facebook.com\/urbexbay\/\",\"https:\/\/www.instagram.com\/urbex_bay\/\"]}]}<\/script>\n<!-- \/ Yoast SEO plugin. -->","yoast_head_json":{"title":"UrbexBay Exclusive - UrbexBay\u2122","description":"Todos nuestros \"exclusive spots\" han sido verificados por nuestro personal o por nuestros socios. Las coordenadas de estos lugares son exactas y son ideales para exploradores experimentados.  Si un lugar verificado ya no existe, le daremos otras dos ubicaciones de su elecci\u00f3n disponible en nuestro sitio web.  Un lugar exclusivo es quiz\u00e1s m\u00e1s hermoso que uno verificado, pero la exploraci\u00f3n es m\u00e1s dif\u00edcil.  \u00a1Lea la gu\u00eda de seguridad antes de explorar un lugar de Urbex! Su seguridad es nuestra primera preocupaci\u00f3n.","robots":{"index":"index","follow":"follow","max-snippet":"max-snippet:-1","max-image-preview":"max-image-preview:large","max-video-preview":"max-video-preview:-1"},"canonical":"https:\/\/urbexbay.com\/es\/urbexbay-exclusive\/","og_locale":"es_ES","og_type":"article","og_title":"UrbexBay Exclusive - UrbexBay\u2122","og_description":"Todos nuestros \"exclusive spots\" han sido verificados por nuestro personal o por nuestros socios. Las coordenadas de estos lugares son exactas y son ideales para exploradores experimentados.  Si un lugar verificado ya no existe, le daremos otras dos ubicaciones de su elecci\u00f3n disponible en nuestro sitio web.  Un lugar exclusivo es quiz\u00e1s m\u00e1s hermoso que uno verificado, pero la exploraci\u00f3n es m\u00e1s dif\u00edcil.  \u00a1Lea la gu\u00eda de seguridad antes de explorar un lugar de Urbex! Su seguridad es nuestra primera preocupaci\u00f3n.","og_url":"https:\/\/urbexbay.com\/es\/urbexbay-exclusive\/","og_site_name":"UrbexBay\u2122","article_publisher":"https:\/\/www.facebook.com\/urbexbay\/","article_modified_time":"2022-05-28T13:16:30+00:00","twitter_card":"summary_large_image","schema":{"@context":"https:\/\/schema.org","@graph":[{"@type":"WebPage","@id":"https:\/\/urbexbay.com\/es\/urbexbay-exclusive\/","url":"https:\/\/urbexbay.com\/es\/urbexbay-exclusive\/","name":"UrbexBay Exclusive - UrbexBay\u2122","isPartOf":{"@id":"https:\/\/urbexbay.com\/es\/#website"},"datePublished":"2022-04-15T06:46:01+00:00","dateModified":"2022-05-28T13:16:30+00:00","description":"Todos nuestros \"exclusive spots\" han sido verificados por nuestro personal o por nuestros socios. Las coordenadas de estos lugares son exactas y son ideales para exploradores experimentados. Si un lugar verificado ya no existe, le daremos otras dos ubicaciones de su elecci\u00f3n disponible en nuestro sitio web. Un lugar exclusivo es quiz\u00e1s m\u00e1s hermoso que uno verificado, pero la exploraci\u00f3n es m\u00e1s dif\u00edcil. \u00a1Lea la gu\u00eda de seguridad antes de explorar un lugar de Urbex! Su seguridad es nuestra primera preocupaci\u00f3n.","breadcrumb":{"@id":"https:\/\/urbexbay.com\/es\/urbexbay-exclusive\/#breadcrumb"},"inLanguage":"es","potentialAction":[{"@type":"ReadAction","target":["https:\/\/urbexbay.com\/es\/urbexbay-exclusive\/"]}]},{"@type":"BreadcrumbList","@id":"https:\/\/urbexbay.com\/es\/urbexbay-exclusive\/#breadcrumb","itemListElement":[{"@type":"ListItem","position":1,"name":"Home","item":"https:\/\/urbexbay.com\/es\/"},{"@type":"ListItem","position":2,"name":"UrbexBay Exclusive"}]},{"@type":"WebSite","@id":"https:\/\/urbexbay.com\/es\/#website","url":"https:\/\/urbexbay.com\/es\/","name":"UrbexBay\u2122","description":"Coordenadas de Urbex","publisher":{"@id":"https:\/\/urbexbay.com\/es\/#organization"},"potentialAction":[{"@type":"SearchAction","target":{"@type":"EntryPoint","urlTemplate":"https:\/\/urbexbay.com\/es\/?s={search_term_string}"},"query-input":{"@type":"PropertyValueSpecification","valueRequired":true,"valueName":"search_term_string"}}],"inLanguage":"es"},{"@type":"Organization","@id":"https:\/\/urbexbay.com\/es\/#organization","name":"Urbex Bay","url":"https:\/\/urbexbay.com\/es\/","logo":{"@type":"ImageObject","inLanguage":"es","@id":"https:\/\/urbexbay.com\/es\/#\/schema\/logo\/image\/","url":"https:\/\/urbexbay.com\/wp-content\/uploads\/2022\/04\/ub-bill-logo.png","contentUrl":"https:\/\/urbexbay.com\/wp-content\/uploads\/2022\/04\/ub-bill-logo.png","width":593,"height":140,"caption":"Urbex Bay"},"image":{"@id":"https:\/\/urbexbay.com\/es\/#\/schema\/logo\/image\/"},"sameAs":["https:\/\/www.facebook.com\/urbexbay\/","https:\/\/www.instagram.com\/urbex_bay\/"]}]}},"_links":{"self":[{"href":"https:\/\/urbexbay.com\/es\/wp-json\/wp\/v2\/pages\/3259","targetHints":{"allow":["GET"]}}],"collection":[{"href":"https:\/\/urbexbay.com\/es\/wp-json\/wp\/v2\/pages"}],"about":[{"href":"https:\/\/urbexbay.com\/es\/wp-json\/wp\/v2\/types\/page"}],"author":[{"embeddable":true,"href":"https:\/\/urbexbay.com\/es\/wp-json\/wp\/v2\/users\/1"}],"replies":[{"embeddable":true,"href":"https:\/\/urbexbay.com\/es\/wp-json\/wp\/v2\/comments?post=3259"}],"version-history":[{"count":0,"href":"https:\/\/urbexbay.com\/es\/wp-json\/wp\/v2\/pages\/3259\/revisions"}],"wp:attachment":[{"href":"https:\/\/urbexbay.com\/es\/wp-json\/wp\/v2\/media?parent=3259"}],"curies":[{"name":"wp","href":"https:\/\/api.w.org\/{rel}","templated":true}]}}