{"id":3253,"date":"2022-04-15T08:44:25","date_gmt":"2022-04-15T06:44:25","guid":{"rendered":"https:\/\/urbexbay.com\/lugares\/tipos\/"},"modified":"2022-05-09T18:18:01","modified_gmt":"2022-05-09T16:18:01","slug":"tipos","status":"publish","type":"page","link":"https:\/\/urbexbay.com\/es\/lugares\/tipos\/","title":{"rendered":"Tipos"},"content":{"rendered":"<p><meta charset=\"utf-8\">Todos los lugares enumerados en el sitio web est\u00e1n ordenados por tipos aqu\u00ed. Te apetece explorar un observatorio o una tienda abandonada? Las coordenadas de tu pr\u00f3xima aventura ya te est\u00e1n esperando!<\/p>","protected":false},"excerpt":{"rendered":"<p>Todos los lugares enumerados en el sitio web est\u00e1n ordenados por tipos aqu\u00ed. Te apetece explorar un observatorio o una [&#8230;]<\/p>\n<p><a class=\"btn btn-1 understrap-read-more-link\" href=\"https:\/\/urbexbay.com\/es\/lugares\/tipos\/\">Leer m\u00e1s&#8230;<\/a><\/p>\n","protected":false},"author":1,"featured_media":0,"parent":3242,"menu_order":0,"comment_status":"closed","ping_status":"closed","template":"page-templates\/types.php","meta":{"footnotes":""},"class_list":["post-3253","page","type-page","status-publish","hentry"],"yoast_head":"<!-- This site is optimized with the Yoast SEO plugin v24.7 - https:\/\/yoast.com\/wordpress\/plugins\/seo\/ -->\n<title>Tipos - UrbexBay\u2122<\/title>\n<meta name=\"description\" content=\"Todos los lugares enumerados en el sitio web est\u00e1n ordenados por tipos aqu\u00ed. Te apetece explorar un observatorio o una tienda abandonada? Las coordenadas de tu pr\u00f3xima aventura ya te est\u00e1n esperando!\" \/>\n<meta name=\"robots\" content=\"index, follow, max-snippet:-1, max-image-preview:large, max-video-preview:-1\" \/>\n<link rel=\"canonical\" href=\"https:\/\/urbexbay.com\/es\/lugares\/tipos\/\" \/>\n<meta property=\"og:locale\" content=\"es_ES\" \/>\n<meta property=\"og:type\" content=\"article\" \/>\n<meta property=\"og:title\" content=\"Tipos - UrbexBay\u2122\" \/>\n<meta property=\"og:description\" content=\"Todos los lugares enumerados en el sitio web est\u00e1n ordenados por tipos aqu\u00ed. Te apetece explorar un observatorio o una tienda abandonada? Las coordenadas de tu pr\u00f3xima aventura ya te est\u00e1n esperando!\" \/>\n<meta property=\"og:url\" content=\"https:\/\/urbexbay.com\/es\/lugares\/tipos\/\" \/>\n<meta property=\"og:site_name\" content=\"UrbexBay\u2122\" \/>\n<meta property=\"article:publisher\" content=\"https:\/\/www.facebook.com\/urbexbay\/\" \/>\n<meta property=\"article:modified_time\" content=\"2022-05-09T16:18:01+00:00\" \/>\n<meta name=\"twitter:card\" content=\"summary_large_image\" \/>\n<script type=\"application\/ld+json\" class=\"yoast-schema-graph\">{\"@context\":\"https:\/\/schema.org\",\"@graph\":[{\"@type\":\"WebPage\",\"@id\":\"https:\/\/urbexbay.com\/es\/lugares\/tipos\/\",\"url\":\"https:\/\/urbexbay.com\/es\/lugares\/tipos\/\",\"name\":\"Tipos - UrbexBay\u2122\",\"isPartOf\":{\"@id\":\"https:\/\/urbexbay.com\/es\/#website\"},\"datePublished\":\"2022-04-15T06:44:25+00:00\",\"dateModified\":\"2022-05-09T16:18:01+00:00\",\"description\":\"Todos los lugares enumerados en el sitio web est\u00e1n ordenados por tipos aqu\u00ed. Te apetece explorar un observatorio o una tienda abandonada? Las coordenadas de tu pr\u00f3xima aventura ya te est\u00e1n esperando!\",\"breadcrumb\":{\"@id\":\"https:\/\/urbexbay.com\/es\/lugares\/tipos\/#breadcrumb\"},\"inLanguage\":\"es\",\"potentialAction\":[{\"@type\":\"ReadAction\",\"target\":[\"https:\/\/urbexbay.com\/es\/lugares\/tipos\/\"]}]},{\"@type\":\"BreadcrumbList\",\"@id\":\"https:\/\/urbexbay.com\/es\/lugares\/tipos\/#breadcrumb\",\"itemListElement\":[{\"@type\":\"ListItem\",\"position\":1,\"name\":\"Home\",\"item\":\"https:\/\/urbexbay.com\/es\/\"},{\"@type\":\"ListItem\",\"position\":2,\"name\":\"Lugares\",\"item\":\"https:\/\/urbexbay.com\/es\/lugares\/\"},{\"@type\":\"ListItem\",\"position\":3,\"name\":\"Tipos\"}]},{\"@type\":\"WebSite\",\"@id\":\"https:\/\/urbexbay.com\/es\/#website\",\"url\":\"https:\/\/urbexbay.com\/es\/\",\"name\":\"UrbexBay\u2122\",\"description\":\"Coordenadas de Urbex\",\"publisher\":{\"@id\":\"https:\/\/urbexbay.com\/es\/#organization\"},\"potentialAction\":[{\"@type\":\"SearchAction\",\"target\":{\"@type\":\"EntryPoint\",\"urlTemplate\":\"https:\/\/urbexbay.com\/es\/?s={search_term_string}\"},\"query-input\":{\"@type\":\"PropertyValueSpecification\",\"valueRequired\":true,\"valueName\":\"search_term_string\"}}],\"inLanguage\":\"es\"},{\"@type\":\"Organization\",\"@id\":\"https:\/\/urbexbay.com\/es\/#organization\",\"name\":\"Urbex Bay\",\"url\":\"https:\/\/urbexbay.com\/es\/\",\"logo\":{\"@type\":\"ImageObject\",\"inLanguage\":\"es\",\"@id\":\"https:\/\/urbexbay.com\/es\/#\/schema\/logo\/image\/\",\"url\":\"https:\/\/urbexbay.com\/wp-content\/uploads\/2022\/04\/ub-bill-logo.png\",\"contentUrl\":\"https:\/\/urbexbay.com\/wp-content\/uploads\/2022\/04\/ub-bill-logo.png\",\"width\":593,\"height\":140,\"caption\":\"Urbex Bay\"},\"image\":{\"@id\":\"https:\/\/urbexbay.com\/es\/#\/schema\/logo\/image\/\"},\"sameAs\":[\"https:\/\/www.facebook.com\/urbexbay\/\",\"https:\/\/www.instagram.com\/urbex_bay\/\"]}]}<\/script>\n<!-- \/ Yoast SEO plugin. -->","yoast_head_json":{"title":"Tipos - UrbexBay\u2122","description":"Todos los lugares enumerados en el sitio web est\u00e1n ordenados por tipos aqu\u00ed. Te apetece explorar un observatorio o una tienda abandonada? Las coordenadas de tu pr\u00f3xima aventura ya te est\u00e1n esperando!","robots":{"index":"index","follow":"follow","max-snippet":"max-snippet:-1","max-image-preview":"max-image-preview:large","max-video-preview":"max-video-preview:-1"},"canonical":"https:\/\/urbexbay.com\/es\/lugares\/tipos\/","og_locale":"es_ES","og_type":"article","og_title":"Tipos - UrbexBay\u2122","og_description":"Todos los lugares enumerados en el sitio web est\u00e1n ordenados por tipos aqu\u00ed. Te apetece explorar un observatorio o una tienda abandonada? Las coordenadas de tu pr\u00f3xima aventura ya te est\u00e1n esperando!","og_url":"https:\/\/urbexbay.com\/es\/lugares\/tipos\/","og_site_name":"UrbexBay\u2122","article_publisher":"https:\/\/www.facebook.com\/urbexbay\/","article_modified_time":"2022-05-09T16:18:01+00:00","twitter_card":"summary_large_image","schema":{"@context":"https:\/\/schema.org","@graph":[{"@type":"WebPage","@id":"https:\/\/urbexbay.com\/es\/lugares\/tipos\/","url":"https:\/\/urbexbay.com\/es\/lugares\/tipos\/","name":"Tipos - UrbexBay\u2122","isPartOf":{"@id":"https:\/\/urbexbay.com\/es\/#website"},"datePublished":"2022-04-15T06:44:25+00:00","dateModified":"2022-05-09T16:18:01+00:00","description":"Todos los lugares enumerados en el sitio web est\u00e1n ordenados por tipos aqu\u00ed. Te apetece explorar un observatorio o una tienda abandonada? Las coordenadas de tu pr\u00f3xima aventura ya te est\u00e1n esperando!","breadcrumb":{"@id":"https:\/\/urbexbay.com\/es\/lugares\/tipos\/#breadcrumb"},"inLanguage":"es","potentialAction":[{"@type":"ReadAction","target":["https:\/\/urbexbay.com\/es\/lugares\/tipos\/"]}]},{"@type":"BreadcrumbList","@id":"https:\/\/urbexbay.com\/es\/lugares\/tipos\/#breadcrumb","itemListElement":[{"@type":"ListItem","position":1,"name":"Home","item":"https:\/\/urbexbay.com\/es\/"},{"@type":"ListItem","position":2,"name":"Lugares","item":"https:\/\/urbexbay.com\/es\/lugares\/"},{"@type":"ListItem","position":3,"name":"Tipos"}]},{"@type":"WebSite","@id":"https:\/\/urbexbay.com\/es\/#website","url":"https:\/\/urbexbay.com\/es\/","name":"UrbexBay\u2122","description":"Coordenadas de Urbex","publisher":{"@id":"https:\/\/urbexbay.com\/es\/#organization"},"potentialAction":[{"@type":"SearchAction","target":{"@type":"EntryPoint","urlTemplate":"https:\/\/urbexbay.com\/es\/?s={search_term_string}"},"query-input":{"@type":"PropertyValueSpecification","valueRequired":true,"valueName":"search_term_string"}}],"inLanguage":"es"},{"@type":"Organization","@id":"https:\/\/urbexbay.com\/es\/#organization","name":"Urbex Bay","url":"https:\/\/urbexbay.com\/es\/","logo":{"@type":"ImageObject","inLanguage":"es","@id":"https:\/\/urbexbay.com\/es\/#\/schema\/logo\/image\/","url":"https:\/\/urbexbay.com\/wp-content\/uploads\/2022\/04\/ub-bill-logo.png","contentUrl":"https:\/\/urbexbay.com\/wp-content\/uploads\/2022\/04\/ub-bill-logo.png","width":593,"height":140,"caption":"Urbex Bay"},"image":{"@id":"https:\/\/urbexbay.com\/es\/#\/schema\/logo\/image\/"},"sameAs":["https:\/\/www.facebook.com\/urbexbay\/","https:\/\/www.instagram.com\/urbex_bay\/"]}]}},"_links":{"self":[{"href":"https:\/\/urbexbay.com\/es\/wp-json\/wp\/v2\/pages\/3253","targetHints":{"allow":["GET"]}}],"collection":[{"href":"https:\/\/urbexbay.com\/es\/wp-json\/wp\/v2\/pages"}],"about":[{"href":"https:\/\/urbexbay.com\/es\/wp-json\/wp\/v2\/types\/page"}],"author":[{"embeddable":true,"href":"https:\/\/urbexbay.com\/es\/wp-json\/wp\/v2\/users\/1"}],"replies":[{"embeddable":true,"href":"https:\/\/urbexbay.com\/es\/wp-json\/wp\/v2\/comments?post=3253"}],"version-history":[{"count":0,"href":"https:\/\/urbexbay.com\/es\/wp-json\/wp\/v2\/pages\/3253\/revisions"}],"up":[{"embeddable":true,"href":"https:\/\/urbexbay.com\/es\/wp-json\/wp\/v2\/pages\/3242"}],"wp:attachment":[{"href":"https:\/\/urbexbay.com\/es\/wp-json\/wp\/v2\/media?parent=3253"}],"curies":[{"name":"wp","href":"https:\/\/api.w.org\/{rel}","templated":true}]}}