{"id":3231,"date":"2022-04-15T08:36:47","date_gmt":"2022-04-15T06:36:47","guid":{"rendered":"https:\/\/urbexbay.com\/como-funciona-urbexbay\/"},"modified":"2023-04-15T10:30:58","modified_gmt":"2023-04-15T08:30:58","slug":"como-funciona","status":"publish","type":"page","link":"https:\/\/urbexbay.com\/es\/como-funciona\/","title":{"rendered":"C\u00f3mo funciona"},"content":{"rendered":"<p>Bienvenidos a UrbexBay, tu destino ideal para encontrar lugares urbanos \u00fanicos y emocionantes para explorar. Nuestro sitio web ofrece una vasta base de datos de coordenadas urbex actualizadas semanalmente, asegurando que siempre tengas acceso a las \u00faltimas y mejores ubicaciones para explorar.<\/p>\n<p>As\u00ed es como funciona: simplemente crea una cuenta en nuestro sitio web y compra las coordenadas que te interesan. Las encontrar\u00e1s convenientemente ubicadas en la secci\u00f3n \u00abMis Spots\u00bb de tu cuenta, listas para que las explores.<\/p>\n<p>En UrbexBay, entendemos que las ubicaciones de urbex pueden ser din\u00e1micas y pueden cambiar con el tiempo. Es por eso que ofrecemos un programa de intercambio \u00fanico. Si la propiedad de las coordenadas que compraste ha sido remodelada o ya no existe, te daremos otras dos ubicaciones de igual o mayor valor a cambio, y eliminaremos la ubicaci\u00f3n inexistente de nuestro sitio.<\/p>\n<p>Pero eso no es todo. Si exploras una ubicaci\u00f3n que compraste de nosotros y nos env\u00edas fotos y videos de calidad de tu experiencia, te ofreceremos coordenadas adicionales a cambio. Siempre estamos buscando expandir nuestra base de datos con nuevas y emocionantes ubicaciones, y agradecemos tu ayuda para lograrlo.<\/p>\n<p>\u00bfQu\u00e9 est\u00e1s esperando? Reg\u00edstrate en UrbexBay hoy mismo y comienza a explorar los tesoros urbanos ocultos del mundo.<\/p>\n","protected":false},"excerpt":{"rendered":"<p>Bienvenidos a UrbexBay, tu destino ideal para encontrar lugares urbanos \u00fanicos y emocionantes para explorar. Nuestro sitio web ofrece una [&#8230;]<\/p>\n<p><a class=\"btn btn-1 understrap-read-more-link\" href=\"https:\/\/urbexbay.com\/es\/como-funciona\/\">Leer m\u00e1s&#8230;<\/a><\/p>\n","protected":false},"author":1,"featured_media":0,"parent":0,"menu_order":0,"comment_status":"closed","ping_status":"closed","template":"","meta":{"footnotes":""},"class_list":["post-3231","page","type-page","status-publish","hentry"],"yoast_head":"<!-- This site is optimized with the Yoast SEO plugin v24.7 - https:\/\/yoast.com\/wordpress\/plugins\/seo\/ -->\n<title>C\u00f3mo funciona - UrbexBay\u2122<\/title>\n<meta name=\"description\" content=\"Descubre los lugares urbanos m\u00e1s incre\u00edbles con UrbexBay. Actualizamos nuestra base de datos semanalmente para ofrecerte lo mejor en coordenadas urbex. \u00a1Explora ahora!\" \/>\n<meta name=\"robots\" content=\"index, follow, max-snippet:-1, max-image-preview:large, max-video-preview:-1\" \/>\n<link rel=\"canonical\" href=\"https:\/\/urbexbay.com\/es\/como-funciona\/\" \/>\n<meta property=\"og:locale\" content=\"es_ES\" \/>\n<meta property=\"og:type\" content=\"article\" \/>\n<meta property=\"og:title\" content=\"C\u00f3mo funciona - UrbexBay\u2122\" \/>\n<meta property=\"og:description\" content=\"Descubre los lugares urbanos m\u00e1s incre\u00edbles con UrbexBay. Actualizamos nuestra base de datos semanalmente para ofrecerte lo mejor en coordenadas urbex. \u00a1Explora ahora!\" \/>\n<meta property=\"og:url\" content=\"https:\/\/urbexbay.com\/es\/como-funciona\/\" \/>\n<meta property=\"og:site_name\" content=\"UrbexBay\u2122\" \/>\n<meta property=\"article:publisher\" content=\"https:\/\/www.facebook.com\/urbexbay\/\" \/>\n<meta property=\"article:modified_time\" content=\"2023-04-15T08:30:58+00:00\" \/>\n<meta name=\"twitter:card\" content=\"summary_large_image\" \/>\n<meta name=\"twitter:label1\" content=\"Tiempo de lectura\" \/>\n\t<meta name=\"twitter:data1\" content=\"1 minuto\" \/>\n<script type=\"application\/ld+json\" class=\"yoast-schema-graph\">{\"@context\":\"https:\/\/schema.org\",\"@graph\":[{\"@type\":\"WebPage\",\"@id\":\"https:\/\/urbexbay.com\/es\/como-funciona\/\",\"url\":\"https:\/\/urbexbay.com\/es\/como-funciona\/\",\"name\":\"C\u00f3mo funciona - UrbexBay\u2122\",\"isPartOf\":{\"@id\":\"https:\/\/urbexbay.com\/es\/#website\"},\"datePublished\":\"2022-04-15T06:36:47+00:00\",\"dateModified\":\"2023-04-15T08:30:58+00:00\",\"description\":\"Descubre los lugares urbanos m\u00e1s incre\u00edbles con UrbexBay. Actualizamos nuestra base de datos semanalmente para ofrecerte lo mejor en coordenadas urbex. \u00a1Explora ahora!\",\"breadcrumb\":{\"@id\":\"https:\/\/urbexbay.com\/es\/como-funciona\/#breadcrumb\"},\"inLanguage\":\"es\",\"potentialAction\":[{\"@type\":\"ReadAction\",\"target\":[\"https:\/\/urbexbay.com\/es\/como-funciona\/\"]}]},{\"@type\":\"BreadcrumbList\",\"@id\":\"https:\/\/urbexbay.com\/es\/como-funciona\/#breadcrumb\",\"itemListElement\":[{\"@type\":\"ListItem\",\"position\":1,\"name\":\"Home\",\"item\":\"https:\/\/urbexbay.com\/es\/\"},{\"@type\":\"ListItem\",\"position\":2,\"name\":\"C\u00f3mo funciona\"}]},{\"@type\":\"WebSite\",\"@id\":\"https:\/\/urbexbay.com\/es\/#website\",\"url\":\"https:\/\/urbexbay.com\/es\/\",\"name\":\"UrbexBay\u2122\",\"description\":\"Coordenadas de Urbex\",\"publisher\":{\"@id\":\"https:\/\/urbexbay.com\/es\/#organization\"},\"potentialAction\":[{\"@type\":\"SearchAction\",\"target\":{\"@type\":\"EntryPoint\",\"urlTemplate\":\"https:\/\/urbexbay.com\/es\/?s={search_term_string}\"},\"query-input\":{\"@type\":\"PropertyValueSpecification\",\"valueRequired\":true,\"valueName\":\"search_term_string\"}}],\"inLanguage\":\"es\"},{\"@type\":\"Organization\",\"@id\":\"https:\/\/urbexbay.com\/es\/#organization\",\"name\":\"Urbex Bay\",\"url\":\"https:\/\/urbexbay.com\/es\/\",\"logo\":{\"@type\":\"ImageObject\",\"inLanguage\":\"es\",\"@id\":\"https:\/\/urbexbay.com\/es\/#\/schema\/logo\/image\/\",\"url\":\"https:\/\/urbexbay.com\/wp-content\/uploads\/2022\/04\/ub-bill-logo.png\",\"contentUrl\":\"https:\/\/urbexbay.com\/wp-content\/uploads\/2022\/04\/ub-bill-logo.png\",\"width\":593,\"height\":140,\"caption\":\"Urbex Bay\"},\"image\":{\"@id\":\"https:\/\/urbexbay.com\/es\/#\/schema\/logo\/image\/\"},\"sameAs\":[\"https:\/\/www.facebook.com\/urbexbay\/\",\"https:\/\/www.instagram.com\/urbex_bay\/\"]}]}<\/script>\n<!-- \/ Yoast SEO plugin. -->","yoast_head_json":{"title":"C\u00f3mo funciona - UrbexBay\u2122","description":"Descubre los lugares urbanos m\u00e1s incre\u00edbles con UrbexBay. Actualizamos nuestra base de datos semanalmente para ofrecerte lo mejor en coordenadas urbex. \u00a1Explora ahora!","robots":{"index":"index","follow":"follow","max-snippet":"max-snippet:-1","max-image-preview":"max-image-preview:large","max-video-preview":"max-video-preview:-1"},"canonical":"https:\/\/urbexbay.com\/es\/como-funciona\/","og_locale":"es_ES","og_type":"article","og_title":"C\u00f3mo funciona - UrbexBay\u2122","og_description":"Descubre los lugares urbanos m\u00e1s incre\u00edbles con UrbexBay. Actualizamos nuestra base de datos semanalmente para ofrecerte lo mejor en coordenadas urbex. \u00a1Explora ahora!","og_url":"https:\/\/urbexbay.com\/es\/como-funciona\/","og_site_name":"UrbexBay\u2122","article_publisher":"https:\/\/www.facebook.com\/urbexbay\/","article_modified_time":"2023-04-15T08:30:58+00:00","twitter_card":"summary_large_image","twitter_misc":{"Tiempo de lectura":"1 minuto"},"schema":{"@context":"https:\/\/schema.org","@graph":[{"@type":"WebPage","@id":"https:\/\/urbexbay.com\/es\/como-funciona\/","url":"https:\/\/urbexbay.com\/es\/como-funciona\/","name":"C\u00f3mo funciona - UrbexBay\u2122","isPartOf":{"@id":"https:\/\/urbexbay.com\/es\/#website"},"datePublished":"2022-04-15T06:36:47+00:00","dateModified":"2023-04-15T08:30:58+00:00","description":"Descubre los lugares urbanos m\u00e1s incre\u00edbles con UrbexBay. Actualizamos nuestra base de datos semanalmente para ofrecerte lo mejor en coordenadas urbex. \u00a1Explora ahora!","breadcrumb":{"@id":"https:\/\/urbexbay.com\/es\/como-funciona\/#breadcrumb"},"inLanguage":"es","potentialAction":[{"@type":"ReadAction","target":["https:\/\/urbexbay.com\/es\/como-funciona\/"]}]},{"@type":"BreadcrumbList","@id":"https:\/\/urbexbay.com\/es\/como-funciona\/#breadcrumb","itemListElement":[{"@type":"ListItem","position":1,"name":"Home","item":"https:\/\/urbexbay.com\/es\/"},{"@type":"ListItem","position":2,"name":"C\u00f3mo funciona"}]},{"@type":"WebSite","@id":"https:\/\/urbexbay.com\/es\/#website","url":"https:\/\/urbexbay.com\/es\/","name":"UrbexBay\u2122","description":"Coordenadas de Urbex","publisher":{"@id":"https:\/\/urbexbay.com\/es\/#organization"},"potentialAction":[{"@type":"SearchAction","target":{"@type":"EntryPoint","urlTemplate":"https:\/\/urbexbay.com\/es\/?s={search_term_string}"},"query-input":{"@type":"PropertyValueSpecification","valueRequired":true,"valueName":"search_term_string"}}],"inLanguage":"es"},{"@type":"Organization","@id":"https:\/\/urbexbay.com\/es\/#organization","name":"Urbex Bay","url":"https:\/\/urbexbay.com\/es\/","logo":{"@type":"ImageObject","inLanguage":"es","@id":"https:\/\/urbexbay.com\/es\/#\/schema\/logo\/image\/","url":"https:\/\/urbexbay.com\/wp-content\/uploads\/2022\/04\/ub-bill-logo.png","contentUrl":"https:\/\/urbexbay.com\/wp-content\/uploads\/2022\/04\/ub-bill-logo.png","width":593,"height":140,"caption":"Urbex Bay"},"image":{"@id":"https:\/\/urbexbay.com\/es\/#\/schema\/logo\/image\/"},"sameAs":["https:\/\/www.facebook.com\/urbexbay\/","https:\/\/www.instagram.com\/urbex_bay\/"]}]}},"_links":{"self":[{"href":"https:\/\/urbexbay.com\/es\/wp-json\/wp\/v2\/pages\/3231","targetHints":{"allow":["GET"]}}],"collection":[{"href":"https:\/\/urbexbay.com\/es\/wp-json\/wp\/v2\/pages"}],"about":[{"href":"https:\/\/urbexbay.com\/es\/wp-json\/wp\/v2\/types\/page"}],"author":[{"embeddable":true,"href":"https:\/\/urbexbay.com\/es\/wp-json\/wp\/v2\/users\/1"}],"replies":[{"embeddable":true,"href":"https:\/\/urbexbay.com\/es\/wp-json\/wp\/v2\/comments?post=3231"}],"version-history":[{"count":1,"href":"https:\/\/urbexbay.com\/es\/wp-json\/wp\/v2\/pages\/3231\/revisions"}],"predecessor-version":[{"id":26450,"href":"https:\/\/urbexbay.com\/es\/wp-json\/wp\/v2\/pages\/3231\/revisions\/26450"}],"wp:attachment":[{"href":"https:\/\/urbexbay.com\/es\/wp-json\/wp\/v2\/media?parent=3231"}],"curies":[{"name":"wp","href":"https:\/\/api.w.org\/{rel}","templated":true}]}}